{"id":21025,"date":"2025-04-24T12:08:47","date_gmt":"2025-04-24T10:08:47","guid":{"rendered":"https:\/\/avanzaevents.com\/?page_id=21025"},"modified":"2025-10-29T19:27:27","modified_gmt":"2025-10-29T18:27:27","slug":"quienes-somos","status":"publish","type":"page","link":"https:\/\/avanzaevents.com\/es\/quienes-somos\/","title":{"rendered":"Qui\u00e9nes somos"},"content":{"rendered":"\t\t<div data-elementor-type=\"wp-page\" data-elementor-id=\"21025\" class=\"elementor elementor-21025 elementor-20606\" data-elementor-post-type=\"page\">\n\t\t\t\t<div class=\"elementor-element elementor-element-7262e761 e-flex e-con-boxed e-con e-parent\" data-id=\"7262e761\" data-element_type=\"container\" data-e-type=\"container\" data-settings=\"{&quot;background_background&quot;:&quot;classic&quot;}\">\n\t\t\t\t\t<div class=\"e-con-inner\">\n\t\t\t\t<div class=\"elementor-element elementor-element-91bdf38 animated-slow elementor-invisible elementor-widget elementor-widget-heading\" data-id=\"91bdf38\" data-element_type=\"widget\" data-e-type=\"widget\" data-settings=\"{&quot;_animation&quot;:&quot;fadeIn&quot;}\" data-widget_type=\"heading.default\">\n\t\t\t\t<div class=\"elementor-widget-container\">\n\t\t\t\t\t<h4 class=\"elementor-heading-title elementor-size-default\"><span style=\"color: #ff6600\"> Ofrecemos cobertura tanto a nivel nacional como internacional, \n<\/span>trabajando en cualquier pais del mundo.<\/h4>\t\t\t\t<\/div>\n\t\t\t\t<\/div>\n\t\t\t\t<div class=\"elementor-element elementor-element-d4e70a7 elementor-widget elementor-widget-text-editor\" data-id=\"d4e70a7\" data-element_type=\"widget\" data-e-type=\"widget\" data-widget_type=\"text-editor.default\">\n\t\t\t\t<div class=\"elementor-widget-container\">\n\t\t\t\t\t\t\t\t\t<p><strong>Avanza Group<\/strong> es una empresa especializada en el dise\u00f1o, montaje y fabricaci\u00f3n de stands para Ferias, Congresos, Eventos, Exposiciones, etc., <span data-olk-copy-source=\"MessageBody\">Tambi\u00e9n desarrollamos soluciones personalizadas de mobiliario corporativo.<\/span><\/p><p>Desde 1995, acompa\u00f1amos a empresas de todos los sectores en sus participaciones feriales por toda Europa, ofreciendo un servicio llave en mano que garantiza resultados, sin sorpresas ni sobresaltos<\/p><p>Nos comprometemos con cada proyecto como si fuera propio, cuidando cada detalle para que tu marca destaque, transmita profesionalidad y genere impacto real en tus clientes.<\/p>\t\t\t\t\t\t\t\t<\/div>\n\t\t\t\t<\/div>\n\t\t\t\t\t<\/div>\n\t\t\t\t<\/div>\n\t\t<div class=\"elementor-element elementor-element-ab90f6c e-flex e-con-boxed e-con e-parent\" data-id=\"ab90f6c\" data-element_type=\"container\" data-e-type=\"container\">\n\t\t\t\t\t<div class=\"e-con-inner\">\n\t\t<div class=\"elementor-element elementor-element-34b456f e-con-full e-flex elementor-invisible e-con e-child\" data-id=\"34b456f\" data-element_type=\"container\" data-e-type=\"container\" data-settings=\"{&quot;animation&quot;:&quot;fadeIn&quot;}\">\n\t\t\t\t<div class=\"elementor-element elementor-element-97fe365 elementor-widget elementor-widget-image\" data-id=\"97fe365\" data-element_type=\"widget\" data-e-type=\"widget\" data-widget_type=\"image.default\">\n\t\t\t\t<div class=\"elementor-widget-container\">\n\t\t\t\t\t\t\t\t\t\t\t\t\t\t\t<img fetchpriority=\"high\" decoding=\"async\" width=\"1024\" height=\"683\" src=\"https:\/\/avanzaevents.com\/wp-content\/uploads\/2025\/06\/RP_0765-1024x683.jpg\" class=\"attachment-large size-large wp-image-22991\" alt=\"\" srcset=\"https:\/\/avanzaevents.com\/wp-content\/uploads\/2025\/06\/RP_0765-1024x683.jpg 1024w, https:\/\/avanzaevents.com\/wp-content\/uploads\/2025\/06\/RP_0765-300x200.jpg 300w, https:\/\/avanzaevents.com\/wp-content\/uploads\/2025\/06\/RP_0765-768x512.jpg 768w, https:\/\/avanzaevents.com\/wp-content\/uploads\/2025\/06\/RP_0765-1536x1024.jpg 1536w, https:\/\/avanzaevents.com\/wp-content\/uploads\/2025\/06\/RP_0765-2048x1365.jpg 2048w\" sizes=\"(max-width: 1024px) 100vw, 1024px\" \/>\t\t\t\t\t\t\t\t\t\t\t\t\t\t\t<\/div>\n\t\t\t\t<\/div>\n\t\t\t\t<div class=\"elementor-element elementor-element-8fd7c1c elementor-widget elementor-widget-icon-box\" data-id=\"8fd7c1c\" data-element_type=\"widget\" data-e-type=\"widget\" data-widget_type=\"icon-box.default\">\n\t\t\t\t<div class=\"elementor-widget-container\">\n\t\t\t\t\t\t\t<div class=\"elementor-icon-box-wrapper\">\n\n\t\t\t\n\t\t\t\t\t\t<div class=\"elementor-icon-box-content\">\n\n\t\t\t\t\t\t\t\t\t<h4 class=\"elementor-icon-box-title\">\n\t\t\t\t\t\t<span  >\n\t\t\t\t\t\t\tEquipo profesional\t\t\t\t\t\t<\/span>\n\t\t\t\t\t<\/h4>\n\t\t\t\t\n\t\t\t\t\t\t\t\t\t<p class=\"elementor-icon-box-description\">\n\t\t\t\t\t\tContamos con un equipo multidisciplinar de dise\u00f1adores, t\u00e9cnicos y montadores expertos, que trabajan de forma coordinada para ofrecerte un servicio personalizado, fiable y sin improvisaciones.\t\t\t\t\t<\/p>\n\t\t\t\t\n\t\t\t<\/div>\n\t\t\t\n\t\t<\/div>\n\t\t\t\t\t\t<\/div>\n\t\t\t\t<\/div>\n\t\t\t\t<\/div>\n\t\t<div class=\"elementor-element elementor-element-3364333 e-con-full e-flex elementor-invisible e-con e-child\" data-id=\"3364333\" data-element_type=\"container\" data-e-type=\"container\" data-settings=\"{&quot;animation&quot;:&quot;fadeIn&quot;,&quot;animation_delay&quot;:1000}\">\n\t\t\t\t<div class=\"elementor-element elementor-element-afba78b elementor-widget elementor-widget-image\" data-id=\"afba78b\" data-element_type=\"widget\" data-e-type=\"widget\" data-widget_type=\"image.default\">\n\t\t\t\t<div class=\"elementor-widget-container\">\n\t\t\t\t\t\t\t\t\t\t\t\t\t\t\t<img decoding=\"async\" width=\"756\" height=\"424\" src=\"https:\/\/avanzaevents.com\/wp-content\/uploads\/2025\/06\/thumbnail_image002.jpg\" class=\"attachment-large size-large wp-image-22993\" alt=\"\" srcset=\"https:\/\/avanzaevents.com\/wp-content\/uploads\/2025\/06\/thumbnail_image002.jpg 756w, https:\/\/avanzaevents.com\/wp-content\/uploads\/2025\/06\/thumbnail_image002-300x168.jpg 300w\" sizes=\"(max-width: 756px) 100vw, 756px\" \/>\t\t\t\t\t\t\t\t\t\t\t\t\t\t\t<\/div>\n\t\t\t\t<\/div>\n\t\t\t\t<div class=\"elementor-element elementor-element-c639a8b elementor-widget elementor-widget-icon-box\" data-id=\"c639a8b\" data-element_type=\"widget\" data-e-type=\"widget\" data-widget_type=\"icon-box.default\">\n\t\t\t\t<div class=\"elementor-widget-container\">\n\t\t\t\t\t\t\t<div class=\"elementor-icon-box-wrapper\">\n\n\t\t\t\n\t\t\t\t\t\t<div class=\"elementor-icon-box-content\">\n\n\t\t\t\t\t\t\t\t\t<h4 class=\"elementor-icon-box-title\">\n\t\t\t\t\t\t<span  >\n\t\t\t\t\t\t\tPresupuesto sin compromiso\t\t\t\t\t\t<\/span>\n\t\t\t\t\t<\/h4>\n\t\t\t\t\n\t\t\t\t\t\t\t\t\t<p class=\"elementor-icon-box-description\">\n\t\t\t\t\t\tTe asesoramos desde el primer contacto, adaptando cada propuesta a tus objetivos comerciales y de marketing. Trabajamos con materiales de primera calidad y te ayudamos a optimizar tu inversi\u00f3n con la m\u00e1xima transparencia.\t\t\t\t\t<\/p>\n\t\t\t\t\n\t\t\t<\/div>\n\t\t\t\n\t\t<\/div>\n\t\t\t\t\t\t<\/div>\n\t\t\t\t<\/div>\n\t\t\t\t<\/div>\n\t\t<div class=\"elementor-element elementor-element-29bbca8 e-con-full e-flex elementor-invisible e-con e-child\" data-id=\"29bbca8\" data-element_type=\"container\" data-e-type=\"container\" data-settings=\"{&quot;animation&quot;:&quot;fadeIn&quot;,&quot;animation_delay&quot;:1500}\">\n\t\t\t\t<div class=\"elementor-element elementor-element-2000694 elementor-widget elementor-widget-image\" data-id=\"2000694\" data-element_type=\"widget\" data-e-type=\"widget\" data-widget_type=\"image.default\">\n\t\t\t\t<div class=\"elementor-widget-container\">\n\t\t\t\t\t\t\t\t\t\t\t\t\t\t\t<img decoding=\"async\" width=\"1024\" height=\"683\" src=\"https:\/\/avanzaevents.com\/wp-content\/uploads\/2025\/06\/RP_4653-1-1024x683.jpg\" class=\"attachment-large size-large wp-image-23027\" alt=\"\" srcset=\"https:\/\/avanzaevents.com\/wp-content\/uploads\/2025\/06\/RP_4653-1-1024x683.jpg 1024w, https:\/\/avanzaevents.com\/wp-content\/uploads\/2025\/06\/RP_4653-1-300x200.jpg 300w, https:\/\/avanzaevents.com\/wp-content\/uploads\/2025\/06\/RP_4653-1-768x512.jpg 768w, https:\/\/avanzaevents.com\/wp-content\/uploads\/2025\/06\/RP_4653-1-1536x1024.jpg 1536w, https:\/\/avanzaevents.com\/wp-content\/uploads\/2025\/06\/RP_4653-1-2048x1366.jpg 2048w\" sizes=\"(max-width: 1024px) 100vw, 1024px\" \/>\t\t\t\t\t\t\t\t\t\t\t\t\t\t\t<\/div>\n\t\t\t\t<\/div>\n\t\t\t\t<div class=\"elementor-element elementor-element-2cdb1a4 elementor-widget elementor-widget-icon-box\" data-id=\"2cdb1a4\" data-element_type=\"widget\" data-e-type=\"widget\" data-widget_type=\"icon-box.default\">\n\t\t\t\t<div class=\"elementor-widget-container\">\n\t\t\t\t\t\t\t<div class=\"elementor-icon-box-wrapper\">\n\n\t\t\t\n\t\t\t\t\t\t<div class=\"elementor-icon-box-content\">\n\n\t\t\t\t\t\t\t\t\t<h4 class=\"elementor-icon-box-title\">\n\t\t\t\t\t\t<span  >\n\t\t\t\t\t\t\tCreatividad &amp; detalles\t\t\t\t\t\t<\/span>\n\t\t\t\t\t<\/h4>\n\t\t\t\t\n\t\t\t\t\t\t\t\t\t<p class=\"elementor-icon-box-description\">\n\t\t\t\t\t\tDise\u00f1amos espacios \u00fanicos, alineados con tu identidad corporativa y tus metas. Cuidamos la est\u00e9tica y la funcionalidad, incorporando las \u00faltimas tendencias y tecnolog\u00edas para que tu stand hable el mismo idioma que tu marca.\t\t\t\t\t<\/p>\n\t\t\t\t\n\t\t\t<\/div>\n\t\t\t\n\t\t<\/div>\n\t\t\t\t\t\t<\/div>\n\t\t\t\t<\/div>\n\t\t\t\t<\/div>\n\t\t\t\t\t<\/div>\n\t\t\t\t<\/div>\n\t\t<div class=\"elementor-element elementor-element-ef8ca05 e-flex e-con-boxed e-con e-parent\" data-id=\"ef8ca05\" data-element_type=\"container\" data-e-type=\"container\" data-settings=\"{&quot;background_background&quot;:&quot;classic&quot;}\">\n\t\t\t\t\t<div class=\"e-con-inner\">\n\t\t<div class=\"elementor-element elementor-element-e5d265f e-con-full e-flex e-con e-child\" data-id=\"e5d265f\" data-element_type=\"container\" data-e-type=\"container\">\n\t\t\t\t<div class=\"elementor-element elementor-element-fe87457 animated-slow elementor-invisible elementor-widget elementor-widget-heading\" data-id=\"fe87457\" data-element_type=\"widget\" data-e-type=\"widget\" data-settings=\"{&quot;_animation&quot;:&quot;fadeIn&quot;}\" data-widget_type=\"heading.default\">\n\t\t\t\t<div class=\"elementor-widget-container\">\n\t\t\t\t\t<h4 class=\"elementor-heading-title elementor-size-default\"><span style=\"color: #ff6600\">Cubrimos toda la gama de <\/span>servicios de este sector:<\/h4>\t\t\t\t<\/div>\n\t\t\t\t<\/div>\n\t\t\t\t<div class=\"elementor-element elementor-element-9d46ea4 elementor-widget elementor-widget-text-editor\" data-id=\"9d46ea4\" data-element_type=\"widget\" data-e-type=\"widget\" data-widget_type=\"text-editor.default\">\n\t\t\t\t<div class=\"elementor-widget-container\">\n\t\t\t\t\t\t\t\t\t<ul><li>Estudio inicial de su proyecto<\/li><li>Dise\u00f1o en 3D y planos t\u00e9cnicos en AutoCad<\/li><li>Marketing ferial<\/li><li>Construcci\u00f3n y montaje: carpinter\u00eda, pintura, electricidad, rotulaci\u00f3n<\/li><li>Almacenamiento para su reutilizaci\u00f3n<\/li><li>Otros servicios: audiovisual, catering, etc<\/li><li>Asesoramiento y atenci\u00f3n personalizada<\/li><li>Montaje en cualquier recinto del mundo: Ifema, Fira Barna, Messe Hanover, Fiera Milano, Paris Expo Porte Versalles, Paris Nord Villepinte, Hangzhou Convention Center, Shangai World Expo, Excell London, Istanbul Convention Center, Dubai Convention Center, Brussels Expo\u2026<\/li><\/ul>\t\t\t\t\t\t\t\t<\/div>\n\t\t\t\t<\/div>\n\t\t\t\t<\/div>\n\t\t<div class=\"elementor-element elementor-element-2118da5 e-con-full e-flex e-con e-child\" data-id=\"2118da5\" data-element_type=\"container\" data-e-type=\"container\">\n\t\t\t\t<div class=\"elementor-element elementor-element-6121d01 elementor-widget elementor-widget-image\" data-id=\"6121d01\" data-element_type=\"widget\" data-e-type=\"widget\" data-widget_type=\"image.default\">\n\t\t\t\t<div class=\"elementor-widget-container\">\n\t\t\t\t\t\t\t\t\t\t\t\t\t\t\t<img loading=\"lazy\" decoding=\"async\" width=\"628\" height=\"471\" src=\"https:\/\/avanzaevents.com\/wp-content\/uploads\/2021\/02\/image011.jpg\" class=\"attachment-large size-large wp-image-6154\" alt=\"\" srcset=\"https:\/\/avanzaevents.com\/wp-content\/uploads\/2021\/02\/image011.jpg 628w, https:\/\/avanzaevents.com\/wp-content\/uploads\/2021\/02\/image011-300x225.jpg 300w\" sizes=\"(max-width: 628px) 100vw, 628px\" \/>\t\t\t\t\t\t\t\t\t\t\t\t\t\t\t<\/div>\n\t\t\t\t<\/div>\n\t\t\t\t<\/div>\n\t\t\t\t\t<\/div>\n\t\t\t\t<\/div>\n\t\t<div class=\"elementor-element elementor-element-2fb1515f e-flex e-con-boxed e-con e-parent\" data-id=\"2fb1515f\" data-element_type=\"container\" data-e-type=\"container\" data-settings=\"{&quot;background_background&quot;:&quot;classic&quot;}\">\n\t\t\t\t\t<div class=\"e-con-inner\">\n\t\t<div class=\"elementor-element elementor-element-71fb1ea3 e-con-full e-flex e-con e-child\" data-id=\"71fb1ea3\" data-element_type=\"container\" data-e-type=\"container\">\n\t\t\t\t<div class=\"elementor-element elementor-element-3a3b582f elementor-widget elementor-widget-heading\" data-id=\"3a3b582f\" data-element_type=\"widget\" data-e-type=\"widget\" data-widget_type=\"heading.default\">\n\t\t\t\t<div class=\"elementor-widget-container\">\n\t\t\t\t\t<span class=\"elementor-heading-title elementor-size-default\">Pida presupuesto o inf\u00f3rmese sobre todos los servicios y soluciones que tenemos para hacer realidad su proyecto.<\/span>\t\t\t\t<\/div>\n\t\t\t\t<\/div>\n\t\t\t\t<div class=\"elementor-element elementor-element-626d7734 elementor-align-center elementor-widget elementor-widget-button\" data-id=\"626d7734\" data-element_type=\"widget\" data-e-type=\"widget\" data-widget_type=\"button.default\">\n\t\t\t\t<div class=\"elementor-widget-container\">\n\t\t\t\t\t\t\t\t\t<div class=\"elementor-button-wrapper\">\n\t\t\t\t\t<a class=\"elementor-button elementor-button-link elementor-size-sm\" href=\"https:\/\/avanzaevents.com\/es\/contacto\">\n\t\t\t\t\t\t<span class=\"elementor-button-content-wrapper\">\n\t\t\t\t\t\t\t\t\t<span class=\"elementor-button-text\">CONTACTE CON NOSOTROS<\/span>\n\t\t\t\t\t<\/span>\n\t\t\t\t\t<\/a>\n\t\t\t\t<\/div>\n\t\t\t\t\t\t\t\t<\/div>\n\t\t\t\t<\/div>\n\t\t\t\t<\/div>\n\t\t\t\t\t<\/div>\n\t\t\t\t<\/div>\n\t\t\t\t<\/div>\n\t\t","protected":false},"excerpt":{"rendered":"<p>Ofrecemos cobertura tanto a nivel nacional como internacional, trabajando en cualquier pais del mundo. Avanza Group es una empresa especializada [&hellip;]<\/p>\n","protected":false},"author":11,"featured_media":0,"parent":0,"menu_order":0,"comment_status":"closed","ping_status":"closed","template":"","meta":{"_acf_changed":false,"site-sidebar-layout":"no-sidebar","site-content-layout":"","ast-site-content-layout":"full-width-container","site-content-style":"default","site-sidebar-style":"default","ast-global-header-display":"","ast-banner-title-visibility":"","ast-main-header-display":"","ast-hfb-above-header-display":"","ast-hfb-below-header-display":"","ast-hfb-mobile-header-display":"","site-post-title":"disabled","ast-breadcrumbs-content":"","ast-featured-img":"disabled","footer-sml-layout":"","ast-disable-related-posts":"","theme-transparent-header-meta":"","adv-header-id-meta":"","stick-header-meta":"","header-above-stick-meta":"","header-main-stick-meta":"","header-below-stick-meta":"","astra-migrate-meta-layouts":"default","ast-page-background-enabled":"default","ast-page-background-meta":{"desktop":{"background-color":"var(--ast-global-color-5)","background-image":"","background-repeat":"repeat","background-position":"center center","background-size":"auto","background-attachment":"scroll","background-type":"","background-media":"","overlay-type":"","overlay-color":"","overlay-opacity":"","overlay-gradient":""},"tablet":{"background-color":"","background-image":"","background-repeat":"repeat","background-position":"center center","background-size":"auto","background-attachment":"scroll","background-type":"","background-media":"","overlay-type":"","overlay-color":"","overlay-opacity":"","overlay-gradient":""},"mobile":{"background-color":"","background-image":"","background-repeat":"repeat","background-position":"center center","background-size":"auto","background-attachment":"scroll","background-type":"","background-media":"","overlay-type":"","overlay-color":"","overlay-opacity":"","overlay-gradient":""}},"ast-content-background-meta":{"desktop":{"background-color":"var(--ast-global-color-4)","background-image":"","background-repeat":"repeat","background-position":"center center","background-size":"auto","background-attachment":"scroll","background-type":"","background-media":"","overlay-type":"","overlay-color":"","overlay-opacity":"","overlay-gradient":""},"tablet":{"background-color":"var(--ast-global-color-4)","background-image":"","background-repeat":"repeat","background-position":"center center","background-size":"auto","background-attachment":"scroll","background-type":"","background-media":"","overlay-type":"","overlay-color":"","overlay-opacity":"","overlay-gradient":""},"mobile":{"background-color":"var(--ast-global-color-4)","background-image":"","background-repeat":"repeat","background-position":"center center","background-size":"auto","background-attachment":"scroll","background-type":"","background-media":"","overlay-type":"","overlay-color":"","overlay-opacity":"","overlay-gradient":""}},"_joinchat":[],"footnotes":""},"class_list":["post-21025","page","type-page","status-publish","hentry"],"acf":[],"yoast_head":"<!-- This site is optimized with the Yoast SEO plugin v27.4 - https:\/\/yoast.com\/product\/yoast-seo-wordpress\/ -->\n<title>Empresa de dise\u00f1o y montaje stands en Madrid | AvanzaEvents<\/title>\n<meta name=\"description\" content=\"Somos una empresa de dise\u00f1o y montaje de stands en Madrid con una dilatada experiencia a lo largo de toda Europa.\" \/>\n<meta name=\"robots\" content=\"index, follow, max-snippet:-1, max-image-preview:large, max-video-preview:-1\" \/>\n<link rel=\"canonical\" href=\"https:\/\/avanzaevents.com\/es\/quienes-somos\/\" \/>\n<meta property=\"og:locale\" content=\"es_ES\" \/>\n<meta property=\"og:type\" content=\"article\" \/>\n<meta property=\"og:title\" content=\"Empresa de dise\u00f1o y montaje stands en Madrid | AvanzaEvents\" \/>\n<meta property=\"og:description\" content=\"Somos una empresa de dise\u00f1o y montaje de stands en Madrid con una dilatada experiencia a lo largo de toda Europa.\" \/>\n<meta property=\"og:url\" content=\"https:\/\/avanzaevents.com\/es\/quienes-somos\/\" \/>\n<meta property=\"og:site_name\" content=\"Avanza Group\" \/>\n<meta property=\"article:modified_time\" content=\"2025-10-29T18:27:27+00:00\" \/>\n<meta property=\"og:image\" content=\"https:\/\/avanzaevents.com\/wp-content\/uploads\/2025\/06\/RP_0765-scaled.jpg\" \/>\n\t<meta property=\"og:image:width\" content=\"2560\" \/>\n\t<meta property=\"og:image:height\" content=\"1707\" \/>\n\t<meta property=\"og:image:type\" content=\"image\/jpeg\" \/>\n<meta name=\"twitter:card\" content=\"summary_large_image\" \/>\n<meta name=\"twitter:label1\" content=\"Tiempo de lectura\" \/>\n\t<meta name=\"twitter:data1\" content=\"2 minutos\" \/>\n<script type=\"application\/ld+json\" class=\"yoast-schema-graph\">{\"@context\":\"https:\\\/\\\/schema.org\",\"@graph\":[{\"@type\":\"WebPage\",\"@id\":\"https:\\\/\\\/avanzaevents.com\\\/es\\\/quienes-somos\\\/\",\"url\":\"https:\\\/\\\/avanzaevents.com\\\/es\\\/quienes-somos\\\/\",\"name\":\"Empresa de dise\u00f1o y montaje stands en Madrid | AvanzaEvents\",\"isPartOf\":{\"@id\":\"https:\\\/\\\/avanzaevents.com\\\/es\\\/#website\"},\"primaryImageOfPage\":{\"@id\":\"https:\\\/\\\/avanzaevents.com\\\/es\\\/quienes-somos\\\/#primaryimage\"},\"image\":{\"@id\":\"https:\\\/\\\/avanzaevents.com\\\/es\\\/quienes-somos\\\/#primaryimage\"},\"thumbnailUrl\":\"https:\\\/\\\/avanzaevents.com\\\/wp-content\\\/uploads\\\/2025\\\/06\\\/RP_0765-1024x683.jpg\",\"datePublished\":\"2025-04-24T10:08:47+00:00\",\"dateModified\":\"2025-10-29T18:27:27+00:00\",\"description\":\"Somos una empresa de dise\u00f1o y montaje de stands en Madrid con una dilatada experiencia a lo largo de toda Europa.\",\"breadcrumb\":{\"@id\":\"https:\\\/\\\/avanzaevents.com\\\/es\\\/quienes-somos\\\/#breadcrumb\"},\"inLanguage\":\"es\",\"potentialAction\":[{\"@type\":\"ReadAction\",\"target\":[\"https:\\\/\\\/avanzaevents.com\\\/es\\\/quienes-somos\\\/\"]}]},{\"@type\":\"ImageObject\",\"inLanguage\":\"es\",\"@id\":\"https:\\\/\\\/avanzaevents.com\\\/es\\\/quienes-somos\\\/#primaryimage\",\"url\":\"https:\\\/\\\/avanzaevents.com\\\/wp-content\\\/uploads\\\/2025\\\/06\\\/RP_0765-1024x683.jpg\",\"contentUrl\":\"https:\\\/\\\/avanzaevents.com\\\/wp-content\\\/uploads\\\/2025\\\/06\\\/RP_0765-1024x683.jpg\"},{\"@type\":\"BreadcrumbList\",\"@id\":\"https:\\\/\\\/avanzaevents.com\\\/es\\\/quienes-somos\\\/#breadcrumb\",\"itemListElement\":[{\"@type\":\"ListItem\",\"position\":1,\"name\":\"Portada\",\"item\":\"https:\\\/\\\/avanzaevents.com\\\/es\\\/\"},{\"@type\":\"ListItem\",\"position\":2,\"name\":\"Qui\u00e9nes somos\"}]},{\"@type\":\"WebSite\",\"@id\":\"https:\\\/\\\/avanzaevents.com\\\/es\\\/#website\",\"url\":\"https:\\\/\\\/avanzaevents.com\\\/es\\\/\",\"name\":\"Avanza Group\",\"description\":\"Otro sitio realizado con WordPress\",\"publisher\":{\"@id\":\"https:\\\/\\\/avanzaevents.com\\\/es\\\/#organization\"},\"potentialAction\":[{\"@type\":\"SearchAction\",\"target\":{\"@type\":\"EntryPoint\",\"urlTemplate\":\"https:\\\/\\\/avanzaevents.com\\\/es\\\/?s={search_term_string}\"},\"query-input\":{\"@type\":\"PropertyValueSpecification\",\"valueRequired\":true,\"valueName\":\"search_term_string\"}}],\"inLanguage\":\"es\"},{\"@type\":\"Organization\",\"@id\":\"https:\\\/\\\/avanzaevents.com\\\/es\\\/#organization\",\"name\":\"Avanza group\",\"url\":\"https:\\\/\\\/avanzaevents.com\\\/es\\\/\",\"logo\":{\"@type\":\"ImageObject\",\"inLanguage\":\"es\",\"@id\":\"https:\\\/\\\/avanzaevents.com\\\/es\\\/#\\\/schema\\\/logo\\\/image\\\/\",\"url\":\"https:\\\/\\\/avanzaevents.com\\\/wp-content\\\/uploads\\\/2020\\\/02\\\/logo300px.png\",\"contentUrl\":\"https:\\\/\\\/avanzaevents.com\\\/wp-content\\\/uploads\\\/2020\\\/02\\\/logo300px.png\",\"width\":340,\"height\":125,\"caption\":\"Avanza group\"},\"image\":{\"@id\":\"https:\\\/\\\/avanzaevents.com\\\/es\\\/#\\\/schema\\\/logo\\\/image\\\/\"}}]}<\/script>\n<!-- \/ Yoast SEO plugin. -->","yoast_head_json":{"title":"Empresa de dise\u00f1o y montaje stands en Madrid | AvanzaEvents","description":"Somos una empresa de dise\u00f1o y montaje de stands en Madrid con una dilatada experiencia a lo largo de toda Europa.","robots":{"index":"index","follow":"follow","max-snippet":"max-snippet:-1","max-image-preview":"max-image-preview:large","max-video-preview":"max-video-preview:-1"},"canonical":"https:\/\/avanzaevents.com\/es\/quienes-somos\/","og_locale":"es_ES","og_type":"article","og_title":"Empresa de dise\u00f1o y montaje stands en Madrid | AvanzaEvents","og_description":"Somos una empresa de dise\u00f1o y montaje de stands en Madrid con una dilatada experiencia a lo largo de toda Europa.","og_url":"https:\/\/avanzaevents.com\/es\/quienes-somos\/","og_site_name":"Avanza Group","article_modified_time":"2025-10-29T18:27:27+00:00","og_image":[{"width":2560,"height":1707,"url":"https:\/\/avanzaevents.com\/wp-content\/uploads\/2025\/06\/RP_0765-scaled.jpg","type":"image\/jpeg"}],"twitter_card":"summary_large_image","twitter_misc":{"Tiempo de lectura":"2 minutos"},"schema":{"@context":"https:\/\/schema.org","@graph":[{"@type":"WebPage","@id":"https:\/\/avanzaevents.com\/es\/quienes-somos\/","url":"https:\/\/avanzaevents.com\/es\/quienes-somos\/","name":"Empresa de dise\u00f1o y montaje stands en Madrid | AvanzaEvents","isPartOf":{"@id":"https:\/\/avanzaevents.com\/es\/#website"},"primaryImageOfPage":{"@id":"https:\/\/avanzaevents.com\/es\/quienes-somos\/#primaryimage"},"image":{"@id":"https:\/\/avanzaevents.com\/es\/quienes-somos\/#primaryimage"},"thumbnailUrl":"https:\/\/avanzaevents.com\/wp-content\/uploads\/2025\/06\/RP_0765-1024x683.jpg","datePublished":"2025-04-24T10:08:47+00:00","dateModified":"2025-10-29T18:27:27+00:00","description":"Somos una empresa de dise\u00f1o y montaje de stands en Madrid con una dilatada experiencia a lo largo de toda Europa.","breadcrumb":{"@id":"https:\/\/avanzaevents.com\/es\/quienes-somos\/#breadcrumb"},"inLanguage":"es","potentialAction":[{"@type":"ReadAction","target":["https:\/\/avanzaevents.com\/es\/quienes-somos\/"]}]},{"@type":"ImageObject","inLanguage":"es","@id":"https:\/\/avanzaevents.com\/es\/quienes-somos\/#primaryimage","url":"https:\/\/avanzaevents.com\/wp-content\/uploads\/2025\/06\/RP_0765-1024x683.jpg","contentUrl":"https:\/\/avanzaevents.com\/wp-content\/uploads\/2025\/06\/RP_0765-1024x683.jpg"},{"@type":"BreadcrumbList","@id":"https:\/\/avanzaevents.com\/es\/quienes-somos\/#breadcrumb","itemListElement":[{"@type":"ListItem","position":1,"name":"Portada","item":"https:\/\/avanzaevents.com\/es\/"},{"@type":"ListItem","position":2,"name":"Qui\u00e9nes somos"}]},{"@type":"WebSite","@id":"https:\/\/avanzaevents.com\/es\/#website","url":"https:\/\/avanzaevents.com\/es\/","name":"Avanza Group","description":"Otro sitio realizado con WordPress","publisher":{"@id":"https:\/\/avanzaevents.com\/es\/#organization"},"potentialAction":[{"@type":"SearchAction","target":{"@type":"EntryPoint","urlTemplate":"https:\/\/avanzaevents.com\/es\/?s={search_term_string}"},"query-input":{"@type":"PropertyValueSpecification","valueRequired":true,"valueName":"search_term_string"}}],"inLanguage":"es"},{"@type":"Organization","@id":"https:\/\/avanzaevents.com\/es\/#organization","name":"Avanza group","url":"https:\/\/avanzaevents.com\/es\/","logo":{"@type":"ImageObject","inLanguage":"es","@id":"https:\/\/avanzaevents.com\/es\/#\/schema\/logo\/image\/","url":"https:\/\/avanzaevents.com\/wp-content\/uploads\/2020\/02\/logo300px.png","contentUrl":"https:\/\/avanzaevents.com\/wp-content\/uploads\/2020\/02\/logo300px.png","width":340,"height":125,"caption":"Avanza group"},"image":{"@id":"https:\/\/avanzaevents.com\/es\/#\/schema\/logo\/image\/"}}]}},"_links":{"self":[{"href":"https:\/\/avanzaevents.com\/es\/wp-json\/wp\/v2\/pages\/21025","targetHints":{"allow":["GET"]}}],"collection":[{"href":"https:\/\/avanzaevents.com\/es\/wp-json\/wp\/v2\/pages"}],"about":[{"href":"https:\/\/avanzaevents.com\/es\/wp-json\/wp\/v2\/types\/page"}],"author":[{"embeddable":true,"href":"https:\/\/avanzaevents.com\/es\/wp-json\/wp\/v2\/users\/11"}],"replies":[{"embeddable":true,"href":"https:\/\/avanzaevents.com\/es\/wp-json\/wp\/v2\/comments?post=21025"}],"version-history":[{"count":38,"href":"https:\/\/avanzaevents.com\/es\/wp-json\/wp\/v2\/pages\/21025\/revisions"}],"predecessor-version":[{"id":25322,"href":"https:\/\/avanzaevents.com\/es\/wp-json\/wp\/v2\/pages\/21025\/revisions\/25322"}],"wp:attachment":[{"href":"https:\/\/avanzaevents.com\/es\/wp-json\/wp\/v2\/media?parent=21025"}],"curies":[{"name":"wp","href":"https:\/\/api.w.org\/{rel}","templated":true}]}}