{"id":22654,"date":"2025-06-06T14:52:47","date_gmt":"2025-06-06T12:52:47","guid":{"rendered":"https:\/\/avanzaevents.com\/?page_id=22654"},"modified":"2025-09-09T18:32:09","modified_gmt":"2025-09-09T16:32:09","slug":"construccion-stands-madrid","status":"publish","type":"page","link":"https:\/\/avanzaevents.com\/es\/construccion-stands-madrid\/","title":{"rendered":"Construcci\u00f3n stands Madrid"},"content":{"rendered":"\t\t<div data-elementor-type=\"wp-page\" data-elementor-id=\"22654\" class=\"elementor elementor-22654 elementor-20439\" data-elementor-post-type=\"page\">\n\t\t\t\t<div class=\"elementor-element elementor-element-6372be2d e-flex e-con-boxed e-con e-parent\" data-id=\"6372be2d\" data-element_type=\"container\" data-e-type=\"container\" data-settings=\"{&quot;background_background&quot;:&quot;classic&quot;}\">\n\t\t\t\t\t<div class=\"e-con-inner\">\n\t\t\t\t<div class=\"elementor-element elementor-element-13ca7a95 elementor-widget elementor-widget-heading\" data-id=\"13ca7a95\" data-element_type=\"widget\" data-e-type=\"widget\" data-widget_type=\"heading.default\">\n\t\t\t\t<div class=\"elementor-widget-container\">\n\t\t\t\t\t<h1 class=\"elementor-heading-title elementor-size-default\">Construcci\u00f3n stands Madrid\n<\/h1>\t\t\t\t<\/div>\n\t\t\t\t<\/div>\n\t\t\t\t\t<\/div>\n\t\t\t\t<\/div>\n\t\t<div class=\"elementor-element elementor-element-fa52fdf e-flex e-con-boxed e-con e-parent\" data-id=\"fa52fdf\" data-element_type=\"container\" data-e-type=\"container\" data-settings=\"{&quot;background_background&quot;:&quot;classic&quot;}\">\n\t\t\t\t\t<div class=\"e-con-inner\">\n\t\t<div class=\"elementor-element elementor-element-b3e58bb e-con-full e-flex e-con e-child\" data-id=\"b3e58bb\" data-element_type=\"container\" data-e-type=\"container\">\n\t\t\t\t<div class=\"elementor-element elementor-element-fb9b596 elementor-widget elementor-widget-heading\" data-id=\"fb9b596\" data-element_type=\"widget\" data-e-type=\"widget\" data-widget_type=\"heading.default\">\n\t\t\t\t<div class=\"elementor-widget-container\">\n\t\t\t\t\t<h2 class=\"elementor-heading-title elementor-size-default\">Construcci\u00f3n stands Madrid<\/h2>\t\t\t\t<\/div>\n\t\t\t\t<\/div>\n\t\t\t\t<div class=\"elementor-element elementor-element-59f995d7 elementor-widget elementor-widget-text-editor\" data-id=\"59f995d7\" data-element_type=\"widget\" data-e-type=\"widget\" data-widget_type=\"text-editor.default\">\n\t\t\t\t<div class=\"elementor-widget-container\">\n\t\t\t\t\t\t\t\t\t<p><br \/>Los stands para eventos son una de las maneras m\u00e1s importantes de anunciarse ante una audiencia especializada.. Por eso, es importante cuidar los detalles del mismo al m\u00e1ximo, desde el dise\u00f1o a la construcci\u00f3n. En Avanza le ofrecemos un completo servicio de construcci\u00f3n de stands. Contamos con un equipo de profesionales pertenecientes a diferentes disciplinas. Damos mucha importancia al dise\u00f1o y, por ello, contamos con un equipo de dise\u00f1adores con una larga y dilatada experiencia en el mundo ferial, que buscar\u00e1 y le dar\u00e1 la mejor soluci\u00f3n a sus necesidades.<\/p>\t\t\t\t\t\t\t\t<\/div>\n\t\t\t\t<\/div>\n\t\t\t\t<div class=\"elementor-element elementor-element-5c208dca elementor-align-center elementor-widget elementor-widget-button\" data-id=\"5c208dca\" data-element_type=\"widget\" data-e-type=\"widget\" data-widget_type=\"button.default\">\n\t\t\t\t<div class=\"elementor-widget-container\">\n\t\t\t\t\t\t\t\t\t<div class=\"elementor-button-wrapper\">\n\t\t\t\t\t<a class=\"elementor-button elementor-button-link elementor-size-sm\" href=\"https:\/\/avanzaevents.com\/contact\/\">\n\t\t\t\t\t\t<span class=\"elementor-button-content-wrapper\">\n\t\t\t\t\t\t\t\t\t<span class=\"elementor-button-text\">m\u00e1s informaci\u00f3n<\/span>\n\t\t\t\t\t<\/span>\n\t\t\t\t\t<\/a>\n\t\t\t\t<\/div>\n\t\t\t\t\t\t\t\t<\/div>\n\t\t\t\t<\/div>\n\t\t\t\t<\/div>\n\t\t<div class=\"elementor-element elementor-element-8dc6e7a e-con-full e-flex e-con e-child\" data-id=\"8dc6e7a\" data-element_type=\"container\" data-e-type=\"container\">\n\t\t\t\t<div class=\"elementor-element elementor-element-052b21c elementor-widget elementor-widget-image\" data-id=\"052b21c\" data-element_type=\"widget\" data-e-type=\"widget\" data-widget_type=\"image.default\">\n\t\t\t\t<div class=\"elementor-widget-container\">\n\t\t\t\t\t\t\t\t\t\t\t\t\t\t\t<img decoding=\"async\" src=\"https:\/\/avanzaevents.com\/wp-content\/uploads\/elementor\/thumbs\/RP_9089-r7fsuumetjiv05ab0hcrx320a3xp7ytydjf8z57gpw.jpg\" title=\"_RP_9089\" alt=\"_RP_9089\" loading=\"lazy\" \/>\t\t\t\t\t\t\t\t\t\t\t\t\t\t\t<\/div>\n\t\t\t\t<\/div>\n\t\t\t\t<\/div>\n\t\t\t\t\t<\/div>\n\t\t\t\t<\/div>\n\t\t<div class=\"elementor-element elementor-element-725119a2 e-flex e-con-boxed e-con e-parent\" data-id=\"725119a2\" data-element_type=\"container\" data-e-type=\"container\" data-settings=\"{&quot;background_background&quot;:&quot;classic&quot;}\">\n\t\t\t\t\t<div class=\"e-con-inner\">\n\t\t<div class=\"elementor-element elementor-element-752f46df e-con-full e-flex e-con e-child\" data-id=\"752f46df\" data-element_type=\"container\" data-e-type=\"container\">\n\t\t\t\t<div class=\"elementor-element elementor-element-1c89730c elementor-widget elementor-widget-heading\" data-id=\"1c89730c\" data-element_type=\"widget\" data-e-type=\"widget\" data-widget_type=\"heading.default\">\n\t\t\t\t<div class=\"elementor-widget-container\">\n\t\t\t\t\t<p class=\"elementor-heading-title elementor-size-default\">Construimos stands respetuosos con el medio ambiente<\/p>\t\t\t\t<\/div>\n\t\t\t\t<\/div>\n\t\t\t\t<div class=\"elementor-element elementor-element-5f861026 elementor-align-center elementor-widget elementor-widget-button\" data-id=\"5f861026\" data-element_type=\"widget\" data-e-type=\"widget\" data-widget_type=\"button.default\">\n\t\t\t\t<div class=\"elementor-widget-container\">\n\t\t\t\t\t\t\t\t\t<div class=\"elementor-button-wrapper\">\n\t\t\t\t\t<a class=\"elementor-button elementor-button-link elementor-size-sm\" href=\"https:\/\/avanzaevents.com\/es\/contacto\">\n\t\t\t\t\t\t<span class=\"elementor-button-content-wrapper\">\n\t\t\t\t\t\t\t\t\t<span class=\"elementor-button-text\">CONTACTO<\/span>\n\t\t\t\t\t<\/span>\n\t\t\t\t\t<\/a>\n\t\t\t\t<\/div>\n\t\t\t\t\t\t\t\t<\/div>\n\t\t\t\t<\/div>\n\t\t\t\t<\/div>\n\t\t\t\t\t<\/div>\n\t\t\t\t<\/div>\n\t\t<div class=\"elementor-element elementor-element-81c5e90 e-flex e-con-boxed e-con e-parent\" data-id=\"81c5e90\" data-element_type=\"container\" data-e-type=\"container\">\n\t\t\t\t\t<div class=\"e-con-inner\">\n\t\t<div class=\"elementor-element elementor-element-ad468d8 e-con-full e-flex e-con e-child\" data-id=\"ad468d8\" data-element_type=\"container\" data-e-type=\"container\" data-settings=\"{&quot;background_background&quot;:&quot;classic&quot;}\">\n\t\t\t\t<div class=\"elementor-element elementor-element-000aae5 elementor-widget elementor-widget-image\" data-id=\"000aae5\" data-element_type=\"widget\" data-e-type=\"widget\" data-widget_type=\"image.default\">\n\t\t\t\t<div class=\"elementor-widget-container\">\n\t\t\t\t\t\t\t\t\t\t\t\t\t\t\t<img decoding=\"async\" src=\"https:\/\/avanzaevents.com\/wp-content\/uploads\/elementor\/thumbs\/IMG_7775-r7fsutoi6zyp2lp7ielezb0uyi7s5d7xd0tuaf4thc.jpg\" title=\"IMG_7775\" alt=\"IMG_7775\" loading=\"lazy\" \/>\t\t\t\t\t\t\t\t\t\t\t\t\t\t\t<\/div>\n\t\t\t\t<\/div>\n\t\t\t\t<\/div>\n\t\t<div class=\"elementor-element elementor-element-b0af4c3 e-con-full e-flex e-con e-child\" data-id=\"b0af4c3\" data-element_type=\"container\" data-e-type=\"container\">\n\t\t\t\t<div class=\"elementor-element elementor-element-48a9c158 elementor-headline--style-rotate elementor-widget elementor-widget-animated-headline\" data-id=\"48a9c158\" data-element_type=\"widget\" data-e-type=\"widget\" data-settings=\"{&quot;headline_style&quot;:&quot;rotate&quot;,&quot;rotating_text&quot;:&quot;experiencia&quot;,&quot;rotate_iteration_delay&quot;:1500,&quot;animation_type&quot;:&quot;typing&quot;}\" data-widget_type=\"animated-headline.default\">\n\t\t\t\t<div class=\"elementor-widget-container\">\n\t\t\t\t\t\t\t<h3 class=\"elementor-headline elementor-headline-animation-type-typing elementor-headline-letters\">\n\t\t\t\t\t<span class=\"elementor-headline-plain-text elementor-headline-text-wrapper\">Amplia<\/span>\n\t\t\t\t<span class=\"elementor-headline-dynamic-wrapper elementor-headline-text-wrapper\">\n\t\t\t\t\t<span class=\"elementor-headline-dynamic-text elementor-headline-text-active\">\n\t\t\t\texperiencia\t\t\t<\/span>\n\t\t\t\t\t\t<\/span>\n\t\t\t\t<\/h3>\n\t\t\t\t\t\t<\/div>\n\t\t\t\t<\/div>\n\t\t\t\t<div class=\"elementor-element elementor-element-1937a57a elementor-widget elementor-widget-text-editor\" data-id=\"1937a57a\" data-element_type=\"widget\" data-e-type=\"widget\" data-widget_type=\"text-editor.default\">\n\t\t\t\t<div class=\"elementor-widget-container\">\n\t\t\t\t\t\t\t\t\t<p>Nuestra larga experiencia y dilatada carrera nos han dado la oportunidad de hacer construcci\u00f3n de stands en todo el mundo. Todo ello gracias a la red de partners que hemos creado en Am\u00e9rica y Asia, lo que nos hace tener la capacidad de construir su stand con total garant\u00eda, como si fuera en cualquier ciudad del territorio nacional. Hemos montado stands en Las Vegas, Estambul, Dub\u00e1i y Hong Kong, adem\u00e1s de hacer construcci\u00f3n de stands en casi todas los recintos feriales m\u00e1s importantes de Europa: Mil\u00e1n, Dusseldorf, Par\u00eds, Bolonia, Munich, Berl\u00edn, Nuremberg, Lisboa, Oporto, Bruselas, etc.<\/p>\t\t\t\t\t\t\t\t<\/div>\n\t\t\t\t<\/div>\n\t\t\t\t<div class=\"elementor-element elementor-element-3b633a17 elementor-widget elementor-widget-text-editor\" data-id=\"3b633a17\" data-element_type=\"widget\" data-e-type=\"widget\" data-widget_type=\"text-editor.default\">\n\t\t\t\t<div class=\"elementor-widget-container\">\n\t\t\t\t\t\t\t\t\t<p>Somos especialistas en eventos en los que se requiere mayor programaci\u00f3n ya que se dispone de menos tiempo para la construcci\u00f3n de stands y se trabaja en sitios menos preparados. Trabajamos la construci\u00f3n de stands de dise\u00f1o modulables, permitiendo su almacenamiento para su posterior reutilizaci\u00f3n y adaptaci\u00f3n a diferentes espacios y tama\u00f1os. Todos los stands son realizados en melamina o madera lacada, para dar una imagen moderna, innovadora y de alta calidad. Son, adem\u00e1s, m\u00e1s limpios y f\u00e1ciles de montar ya que todo va preparado desde nuestros almacenes, no requiriendo ning\u00fan trabajo extra en el lugar del evento, evitando as\u00ed los inconvenientes de \u00faltima hora. Y, por supuesto, incorporando el dise\u00f1o, las nuevas tendencias y el respecto por el medio ambiente.<\/p><p>Confia en Avanza Events para el dise\u00f1o y montaje de stands.<\/p>\t\t\t\t\t\t\t\t<\/div>\n\t\t\t\t<\/div>\n\t\t\t\t<\/div>\n\t\t\t\t\t<\/div>\n\t\t\t\t<\/div>\n\t\t<div class=\"elementor-element elementor-element-6e375d5c e-flex e-con-boxed e-con e-parent\" data-id=\"6e375d5c\" data-element_type=\"container\" data-e-type=\"container\">\n\t\t\t\t\t<div class=\"e-con-inner\">\n\t\t<div class=\"elementor-element elementor-element-1b849fa2 e-con-full e-flex e-con e-child\" data-id=\"1b849fa2\" data-element_type=\"container\" data-e-type=\"container\">\n\t\t\t\t<div class=\"elementor-element elementor-element-254e383f elementor-widget elementor-widget-heading\" data-id=\"254e383f\" data-element_type=\"widget\" data-e-type=\"widget\" data-widget_type=\"heading.default\">\n\t\t\t\t<div class=\"elementor-widget-container\">\n\t\t\t\t\t<p class=\"elementor-heading-title elementor-size-default\">Proyectos recientes<\/p>\t\t\t\t<\/div>\n\t\t\t\t<\/div>\n\t\t\t\t<\/div>\n\t\t\t\t\t<\/div>\n\t\t\t\t<\/div>\n\t\t<div class=\"elementor-element elementor-element-6c3049c e-flex e-con-boxed e-con e-parent\" data-id=\"6c3049c\" data-element_type=\"container\" data-e-type=\"container\">\n\t\t\t\t\t<div class=\"e-con-inner\">\n\t\t\t\t<div class=\"elementor-element elementor-element-b133c77 elementor-widget elementor-widget-spacer\" data-id=\"b133c77\" data-element_type=\"widget\" data-e-type=\"widget\" data-widget_type=\"spacer.default\">\n\t\t\t\t<div class=\"elementor-widget-container\">\n\t\t\t\t\t\t\t<div class=\"elementor-spacer\">\n\t\t\t<div class=\"elementor-spacer-inner\"><\/div>\n\t\t<\/div>\n\t\t\t\t\t\t<\/div>\n\t\t\t\t<\/div>\n\t\t\t\t\t<\/div>\n\t\t\t\t<\/div>\n\t\t\t\t<\/div>\n\t\t","protected":false},"excerpt":{"rendered":"<p>Construcci\u00f3n stands Madrid Los stands para eventos son una de las maneras m\u00e1s importantes de anunciarse ante una audiencia especializada.. [&hellip;]<\/p>\n","protected":false},"author":11,"featured_media":0,"parent":0,"menu_order":0,"comment_status":"closed","ping_status":"closed","template":"","meta":{"_acf_changed":false,"site-sidebar-layout":"no-sidebar","site-content-layout":"","ast-site-content-layout":"full-width-container","site-content-style":"default","site-sidebar-style":"default","ast-global-header-display":"","ast-banner-title-visibility":"","ast-main-header-display":"","ast-hfb-above-header-display":"","ast-hfb-below-header-display":"","ast-hfb-mobile-header-display":"","site-post-title":"disabled","ast-breadcrumbs-content":"","ast-featured-img":"disabled","footer-sml-layout":"","ast-disable-related-posts":"","theme-transparent-header-meta":"","adv-header-id-meta":"","stick-header-meta":"","header-above-stick-meta":"","header-main-stick-meta":"","header-below-stick-meta":"","astra-migrate-meta-layouts":"default","ast-page-background-enabled":"default","ast-page-background-meta":{"desktop":{"background-color":"var(--ast-global-color-5)","background-image":"","background-repeat":"repeat","background-position":"center center","background-size":"auto","background-attachment":"scroll","background-type":"","background-media":"","overlay-type":"","overlay-color":"","overlay-opacity":"","overlay-gradient":""},"tablet":{"background-color":"","background-image":"","background-repeat":"repeat","background-position":"center center","background-size":"auto","background-attachment":"scroll","background-type":"","background-media":"","overlay-type":"","overlay-color":"","overlay-opacity":"","overlay-gradient":""},"mobile":{"background-color":"","background-image":"","background-repeat":"repeat","background-position":"center center","background-size":"auto","background-attachment":"scroll","background-type":"","background-media":"","overlay-type":"","overlay-color":"","overlay-opacity":"","overlay-gradient":""}},"ast-content-background-meta":{"desktop":{"background-color":"var(--ast-global-color-4)","background-image":"","background-repeat":"repeat","background-position":"center center","background-size":"auto","background-attachment":"scroll","background-type":"","background-media":"","overlay-type":"","overlay-color":"","overlay-opacity":"","overlay-gradient":""},"tablet":{"background-color":"var(--ast-global-color-4)","background-image":"","background-repeat":"repeat","background-position":"center center","background-size":"auto","background-attachment":"scroll","background-type":"","background-media":"","overlay-type":"","overlay-color":"","overlay-opacity":"","overlay-gradient":""},"mobile":{"background-color":"var(--ast-global-color-4)","background-image":"","background-repeat":"repeat","background-position":"center center","background-size":"auto","background-attachment":"scroll","background-type":"","background-media":"","overlay-type":"","overlay-color":"","overlay-opacity":"","overlay-gradient":""}},"_joinchat":[],"footnotes":""},"class_list":["post-22654","page","type-page","status-publish","hentry"],"acf":[],"yoast_head":"<!-- This site is optimized with the Yoast SEO plugin v27.4 - https:\/\/yoast.com\/product\/yoast-seo-wordpress\/ -->\n<title>Construcci\u00f3n de estands en Madrid, no te lo pierdas - Avanza<\/title>\n<meta name=\"description\" content=\"Construcci\u00f3n de stands en Madrid, Espa\u00f1a y el extranjero. Avanza dise\u00f1a e instala stands en todo el mundo. Contacte con nosotros.\" \/>\n<meta name=\"robots\" content=\"index, follow, max-snippet:-1, max-image-preview:large, max-video-preview:-1\" \/>\n<link rel=\"canonical\" href=\"https:\/\/avanzaevents.com\/es\/construccion-stands-madrid\/\" \/>\n<meta property=\"og:locale\" content=\"es_ES\" \/>\n<meta property=\"og:type\" content=\"article\" \/>\n<meta property=\"og:title\" content=\"Construcci\u00f3n de estands en Madrid, no te lo pierdas - Avanza\" \/>\n<meta property=\"og:description\" content=\"Construcci\u00f3n de stands en Madrid, Espa\u00f1a y el extranjero. Avanza dise\u00f1a e instala stands en todo el mundo. Contacte con nosotros.\" \/>\n<meta property=\"og:url\" content=\"https:\/\/avanzaevents.com\/es\/construccion-stands-madrid\/\" \/>\n<meta property=\"og:site_name\" content=\"Avanza Group\" \/>\n<meta property=\"article:modified_time\" content=\"2025-09-09T16:32:09+00:00\" \/>\n<meta property=\"og:image\" content=\"https:\/\/avanzaevents.com\/wp-content\/uploads\/elementor\/thumbs\/RP_9089-r7fsuumetjiv05ab0hcrx320a3xp7ytydjf8z57gpw.jpg\" \/>\n<meta name=\"twitter:card\" content=\"summary_large_image\" \/>\n<meta name=\"twitter:label1\" content=\"Tiempo de lectura\" \/>\n\t<meta name=\"twitter:data1\" content=\"2 minutos\" \/>\n<script type=\"application\/ld+json\" class=\"yoast-schema-graph\">{\"@context\":\"https:\\\/\\\/schema.org\",\"@graph\":[{\"@type\":\"WebPage\",\"@id\":\"https:\\\/\\\/avanzaevents.com\\\/es\\\/construccion-stands-madrid\\\/\",\"url\":\"https:\\\/\\\/avanzaevents.com\\\/es\\\/construccion-stands-madrid\\\/\",\"name\":\"Construcci\u00f3n de estands en Madrid, no te lo pierdas - Avanza\",\"isPartOf\":{\"@id\":\"https:\\\/\\\/avanzaevents.com\\\/es\\\/#website\"},\"primaryImageOfPage\":{\"@id\":\"https:\\\/\\\/avanzaevents.com\\\/es\\\/construccion-stands-madrid\\\/#primaryimage\"},\"image\":{\"@id\":\"https:\\\/\\\/avanzaevents.com\\\/es\\\/construccion-stands-madrid\\\/#primaryimage\"},\"thumbnailUrl\":\"https:\\\/\\\/avanzaevents.com\\\/wp-content\\\/uploads\\\/elementor\\\/thumbs\\\/RP_9089-r7fsuumetjiv05ab0hcrx320a3xp7ytydjf8z57gpw.jpg\",\"datePublished\":\"2025-06-06T12:52:47+00:00\",\"dateModified\":\"2025-09-09T16:32:09+00:00\",\"description\":\"Construcci\u00f3n de stands en Madrid, Espa\u00f1a y el extranjero. Avanza dise\u00f1a e instala stands en todo el mundo. Contacte con nosotros.\",\"breadcrumb\":{\"@id\":\"https:\\\/\\\/avanzaevents.com\\\/es\\\/construccion-stands-madrid\\\/#breadcrumb\"},\"inLanguage\":\"es\",\"potentialAction\":[{\"@type\":\"ReadAction\",\"target\":[\"https:\\\/\\\/avanzaevents.com\\\/es\\\/construccion-stands-madrid\\\/\"]}]},{\"@type\":\"ImageObject\",\"inLanguage\":\"es\",\"@id\":\"https:\\\/\\\/avanzaevents.com\\\/es\\\/construccion-stands-madrid\\\/#primaryimage\",\"url\":\"https:\\\/\\\/avanzaevents.com\\\/wp-content\\\/uploads\\\/elementor\\\/thumbs\\\/RP_9089-r7fsuumetjiv05ab0hcrx320a3xp7ytydjf8z57gpw.jpg\",\"contentUrl\":\"https:\\\/\\\/avanzaevents.com\\\/wp-content\\\/uploads\\\/elementor\\\/thumbs\\\/RP_9089-r7fsuumetjiv05ab0hcrx320a3xp7ytydjf8z57gpw.jpg\"},{\"@type\":\"BreadcrumbList\",\"@id\":\"https:\\\/\\\/avanzaevents.com\\\/es\\\/construccion-stands-madrid\\\/#breadcrumb\",\"itemListElement\":[{\"@type\":\"ListItem\",\"position\":1,\"name\":\"Portada\",\"item\":\"https:\\\/\\\/avanzaevents.com\\\/es\\\/\"},{\"@type\":\"ListItem\",\"position\":2,\"name\":\"Construcci\u00f3n stands Madrid\"}]},{\"@type\":\"WebSite\",\"@id\":\"https:\\\/\\\/avanzaevents.com\\\/es\\\/#website\",\"url\":\"https:\\\/\\\/avanzaevents.com\\\/es\\\/\",\"name\":\"Avanza Group\",\"description\":\"Otro sitio realizado con WordPress\",\"publisher\":{\"@id\":\"https:\\\/\\\/avanzaevents.com\\\/es\\\/#organization\"},\"potentialAction\":[{\"@type\":\"SearchAction\",\"target\":{\"@type\":\"EntryPoint\",\"urlTemplate\":\"https:\\\/\\\/avanzaevents.com\\\/es\\\/?s={search_term_string}\"},\"query-input\":{\"@type\":\"PropertyValueSpecification\",\"valueRequired\":true,\"valueName\":\"search_term_string\"}}],\"inLanguage\":\"es\"},{\"@type\":\"Organization\",\"@id\":\"https:\\\/\\\/avanzaevents.com\\\/es\\\/#organization\",\"name\":\"Avanza group\",\"url\":\"https:\\\/\\\/avanzaevents.com\\\/es\\\/\",\"logo\":{\"@type\":\"ImageObject\",\"inLanguage\":\"es\",\"@id\":\"https:\\\/\\\/avanzaevents.com\\\/es\\\/#\\\/schema\\\/logo\\\/image\\\/\",\"url\":\"https:\\\/\\\/avanzaevents.com\\\/wp-content\\\/uploads\\\/2020\\\/02\\\/logo300px.png\",\"contentUrl\":\"https:\\\/\\\/avanzaevents.com\\\/wp-content\\\/uploads\\\/2020\\\/02\\\/logo300px.png\",\"width\":340,\"height\":125,\"caption\":\"Avanza group\"},\"image\":{\"@id\":\"https:\\\/\\\/avanzaevents.com\\\/es\\\/#\\\/schema\\\/logo\\\/image\\\/\"}}]}<\/script>\n<!-- \/ Yoast SEO plugin. -->","yoast_head_json":{"title":"Construcci\u00f3n de estands en Madrid, no te lo pierdas - Avanza","description":"Construcci\u00f3n de stands en Madrid, Espa\u00f1a y el extranjero. Avanza dise\u00f1a e instala stands en todo el mundo. Contacte con nosotros.","robots":{"index":"index","follow":"follow","max-snippet":"max-snippet:-1","max-image-preview":"max-image-preview:large","max-video-preview":"max-video-preview:-1"},"canonical":"https:\/\/avanzaevents.com\/es\/construccion-stands-madrid\/","og_locale":"es_ES","og_type":"article","og_title":"Construcci\u00f3n de estands en Madrid, no te lo pierdas - Avanza","og_description":"Construcci\u00f3n de stands en Madrid, Espa\u00f1a y el extranjero. Avanza dise\u00f1a e instala stands en todo el mundo. Contacte con nosotros.","og_url":"https:\/\/avanzaevents.com\/es\/construccion-stands-madrid\/","og_site_name":"Avanza Group","article_modified_time":"2025-09-09T16:32:09+00:00","og_image":[{"url":"https:\/\/avanzaevents.com\/wp-content\/uploads\/elementor\/thumbs\/RP_9089-r7fsuumetjiv05ab0hcrx320a3xp7ytydjf8z57gpw.jpg","type":"","width":"","height":""}],"twitter_card":"summary_large_image","twitter_misc":{"Tiempo de lectura":"2 minutos"},"schema":{"@context":"https:\/\/schema.org","@graph":[{"@type":"WebPage","@id":"https:\/\/avanzaevents.com\/es\/construccion-stands-madrid\/","url":"https:\/\/avanzaevents.com\/es\/construccion-stands-madrid\/","name":"Construcci\u00f3n de estands en Madrid, no te lo pierdas - Avanza","isPartOf":{"@id":"https:\/\/avanzaevents.com\/es\/#website"},"primaryImageOfPage":{"@id":"https:\/\/avanzaevents.com\/es\/construccion-stands-madrid\/#primaryimage"},"image":{"@id":"https:\/\/avanzaevents.com\/es\/construccion-stands-madrid\/#primaryimage"},"thumbnailUrl":"https:\/\/avanzaevents.com\/wp-content\/uploads\/elementor\/thumbs\/RP_9089-r7fsuumetjiv05ab0hcrx320a3xp7ytydjf8z57gpw.jpg","datePublished":"2025-06-06T12:52:47+00:00","dateModified":"2025-09-09T16:32:09+00:00","description":"Construcci\u00f3n de stands en Madrid, Espa\u00f1a y el extranjero. Avanza dise\u00f1a e instala stands en todo el mundo. Contacte con nosotros.","breadcrumb":{"@id":"https:\/\/avanzaevents.com\/es\/construccion-stands-madrid\/#breadcrumb"},"inLanguage":"es","potentialAction":[{"@type":"ReadAction","target":["https:\/\/avanzaevents.com\/es\/construccion-stands-madrid\/"]}]},{"@type":"ImageObject","inLanguage":"es","@id":"https:\/\/avanzaevents.com\/es\/construccion-stands-madrid\/#primaryimage","url":"https:\/\/avanzaevents.com\/wp-content\/uploads\/elementor\/thumbs\/RP_9089-r7fsuumetjiv05ab0hcrx320a3xp7ytydjf8z57gpw.jpg","contentUrl":"https:\/\/avanzaevents.com\/wp-content\/uploads\/elementor\/thumbs\/RP_9089-r7fsuumetjiv05ab0hcrx320a3xp7ytydjf8z57gpw.jpg"},{"@type":"BreadcrumbList","@id":"https:\/\/avanzaevents.com\/es\/construccion-stands-madrid\/#breadcrumb","itemListElement":[{"@type":"ListItem","position":1,"name":"Portada","item":"https:\/\/avanzaevents.com\/es\/"},{"@type":"ListItem","position":2,"name":"Construcci\u00f3n stands Madrid"}]},{"@type":"WebSite","@id":"https:\/\/avanzaevents.com\/es\/#website","url":"https:\/\/avanzaevents.com\/es\/","name":"Avanza Group","description":"Otro sitio realizado con WordPress","publisher":{"@id":"https:\/\/avanzaevents.com\/es\/#organization"},"potentialAction":[{"@type":"SearchAction","target":{"@type":"EntryPoint","urlTemplate":"https:\/\/avanzaevents.com\/es\/?s={search_term_string}"},"query-input":{"@type":"PropertyValueSpecification","valueRequired":true,"valueName":"search_term_string"}}],"inLanguage":"es"},{"@type":"Organization","@id":"https:\/\/avanzaevents.com\/es\/#organization","name":"Avanza group","url":"https:\/\/avanzaevents.com\/es\/","logo":{"@type":"ImageObject","inLanguage":"es","@id":"https:\/\/avanzaevents.com\/es\/#\/schema\/logo\/image\/","url":"https:\/\/avanzaevents.com\/wp-content\/uploads\/2020\/02\/logo300px.png","contentUrl":"https:\/\/avanzaevents.com\/wp-content\/uploads\/2020\/02\/logo300px.png","width":340,"height":125,"caption":"Avanza group"},"image":{"@id":"https:\/\/avanzaevents.com\/es\/#\/schema\/logo\/image\/"}}]}},"_links":{"self":[{"href":"https:\/\/avanzaevents.com\/es\/wp-json\/wp\/v2\/pages\/22654","targetHints":{"allow":["GET"]}}],"collection":[{"href":"https:\/\/avanzaevents.com\/es\/wp-json\/wp\/v2\/pages"}],"about":[{"href":"https:\/\/avanzaevents.com\/es\/wp-json\/wp\/v2\/types\/page"}],"author":[{"embeddable":true,"href":"https:\/\/avanzaevents.com\/es\/wp-json\/wp\/v2\/users\/11"}],"replies":[{"embeddable":true,"href":"https:\/\/avanzaevents.com\/es\/wp-json\/wp\/v2\/comments?post=22654"}],"version-history":[{"count":25,"href":"https:\/\/avanzaevents.com\/es\/wp-json\/wp\/v2\/pages\/22654\/revisions"}],"predecessor-version":[{"id":24227,"href":"https:\/\/avanzaevents.com\/es\/wp-json\/wp\/v2\/pages\/22654\/revisions\/24227"}],"wp:attachment":[{"href":"https:\/\/avanzaevents.com\/es\/wp-json\/wp\/v2\/media?parent=22654"}],"curies":[{"name":"wp","href":"https:\/\/api.w.org\/{rel}","templated":true}]}}