{"id":22826,"date":"2025-06-06T17:14:59","date_gmt":"2025-06-06T15:14:59","guid":{"rendered":"https:\/\/avanzaevents.com\/?page_id=22826"},"modified":"2025-09-09T18:36:56","modified_gmt":"2025-09-09T16:36:56","slug":"diseno-montaje-stands-congresos","status":"publish","type":"page","link":"https:\/\/avanzaevents.com\/es\/diseno-montaje-stands-congresos\/","title":{"rendered":"Stands para congresos"},"content":{"rendered":"\t\t<div data-elementor-type=\"wp-page\" data-elementor-id=\"22826\" class=\"elementor elementor-22826 elementor-20370\" data-elementor-post-type=\"page\">\n\t\t\t\t<div class=\"elementor-element elementor-element-3d00bd0a e-flex e-con-boxed e-con e-parent\" data-id=\"3d00bd0a\" data-element_type=\"container\" data-e-type=\"container\" data-settings=\"{&quot;background_background&quot;:&quot;classic&quot;}\">\n\t\t\t\t\t<div class=\"e-con-inner\">\n\t\t\t\t<div class=\"elementor-element elementor-element-36bc6d90 elementor-widget elementor-widget-heading\" data-id=\"36bc6d90\" data-element_type=\"widget\" data-e-type=\"widget\" data-widget_type=\"heading.default\">\n\t\t\t\t<div class=\"elementor-widget-container\">\n\t\t\t\t\t<h1 class=\"elementor-heading-title elementor-size-default\">Stands para congresos<\/h1>\t\t\t\t<\/div>\n\t\t\t\t<\/div>\n\t\t\t\t\t<\/div>\n\t\t\t\t<\/div>\n\t\t<div class=\"elementor-element elementor-element-c5a1452 e-flex e-con-boxed e-con e-parent\" data-id=\"c5a1452\" data-element_type=\"container\" data-e-type=\"container\" data-settings=\"{&quot;background_background&quot;:&quot;classic&quot;}\">\n\t\t\t\t\t<div class=\"e-con-inner\">\n\t\t<div class=\"elementor-element elementor-element-c0e2210 e-con-full e-flex e-con e-child\" data-id=\"c0e2210\" data-element_type=\"container\" data-e-type=\"container\">\n\t\t\t\t<div class=\"elementor-element elementor-element-f2231de elementor-widget elementor-widget-heading\" data-id=\"f2231de\" data-element_type=\"widget\" data-e-type=\"widget\" data-widget_type=\"heading.default\">\n\t\t\t\t<div class=\"elementor-widget-container\">\n\t\t\t\t\t<h2 class=\"elementor-heading-title elementor-size-default\">Stands para congresos<\/h2>\t\t\t\t<\/div>\n\t\t\t\t<\/div>\n\t\t\t\t<div class=\"elementor-element elementor-element-358a5cc elementor-widget elementor-widget-text-editor\" data-id=\"358a5cc\" data-element_type=\"widget\" data-e-type=\"widget\" data-widget_type=\"text-editor.default\">\n\t\t\t\t<div class=\"elementor-widget-container\">\n\t\t\t\t\t\t\t\t\t<p><br \/>Un stand instalado en un evento es una de las mejores formas de promoci\u00f3n de una empresa. Este espacio no sirve solamente para presentar y ofrecer los servicios o productos que se quieren comercializar: tambi\u00e9n es una manera de transmitir a los posibles clientes la imagen de la empresa, y es importante que est\u00e9 en concordancia con los valores de la misma. Por eso, hay que cuidarlo al m\u00e1ximo y confiar su dise\u00f1o y montaje a profesionales. Un profesional puede encargarse de cuidar hasta el m\u00e1s m\u00ednimo detalle, desde la disposici\u00f3n del mobiliario hasta la iluminaci\u00f3n m\u00e1s adecuada para resaltarlo y diferenciarlo de sus competidores, y puede transmitir seriedad al mismo tiempo que modernidad y sofisticaci\u00f3n.<\/p>\t\t\t\t\t\t\t\t<\/div>\n\t\t\t\t<\/div>\n\t\t\t\t<div class=\"elementor-element elementor-element-1b76cafa elementor-align-center elementor-widget elementor-widget-button\" data-id=\"1b76cafa\" data-element_type=\"widget\" data-e-type=\"widget\" data-widget_type=\"button.default\">\n\t\t\t\t<div class=\"elementor-widget-container\">\n\t\t\t\t\t\t\t\t\t<div class=\"elementor-button-wrapper\">\n\t\t\t\t\t<a class=\"elementor-button elementor-button-link elementor-size-sm\" href=\"https:\/\/avanzaevents.com\/es\/contacto\">\n\t\t\t\t\t\t<span class=\"elementor-button-content-wrapper\">\n\t\t\t\t\t\t\t\t\t<span class=\"elementor-button-text\">M\u00c1S INFORMACI\u00d3N<\/span>\n\t\t\t\t\t<\/span>\n\t\t\t\t\t<\/a>\n\t\t\t\t<\/div>\n\t\t\t\t\t\t\t\t<\/div>\n\t\t\t\t<\/div>\n\t\t\t\t<\/div>\n\t\t<div class=\"elementor-element elementor-element-768ab28 e-con-full e-flex e-con e-child\" data-id=\"768ab28\" data-element_type=\"container\" data-e-type=\"container\">\n\t\t\t\t<div class=\"elementor-element elementor-element-d7276d9 elementor-widget elementor-widget-image\" data-id=\"d7276d9\" data-element_type=\"widget\" data-e-type=\"widget\" data-widget_type=\"image.default\">\n\t\t\t\t<div class=\"elementor-widget-container\">\n\t\t\t\t\t\t\t\t\t\t\t\t\t\t\t<img decoding=\"async\" src=\"https:\/\/avanzaevents.com\/wp-content\/uploads\/elementor\/thumbs\/IMG-20250327-WA0029-r7fsutojeuoyxjyng8h8odp6j8bfyqx5dkj8qkt55c.jpg\" title=\"IMG-20250327-WA0029\" alt=\"IMG-20250327-WA0029\" loading=\"lazy\" \/>\t\t\t\t\t\t\t\t\t\t\t\t\t\t\t<\/div>\n\t\t\t\t<\/div>\n\t\t\t\t<\/div>\n\t\t\t\t\t<\/div>\n\t\t\t\t<\/div>\n\t\t<div class=\"elementor-element elementor-element-a41fd0e e-flex e-con-boxed e-con e-parent\" data-id=\"a41fd0e\" data-element_type=\"container\" data-e-type=\"container\">\n\t\t\t\t\t<div class=\"e-con-inner\">\n\t\t<div class=\"elementor-element elementor-element-d16b8e6 e-con-full e-flex e-con e-child\" data-id=\"d16b8e6\" data-element_type=\"container\" data-e-type=\"container\">\n\t\t\t\t<div class=\"elementor-element elementor-element-c83f377 elementor-widget elementor-widget-heading\" data-id=\"c83f377\" data-element_type=\"widget\" data-e-type=\"widget\" data-widget_type=\"heading.default\">\n\t\t\t\t<div class=\"elementor-widget-container\">\n\t\t\t\t\t<h3 class=\"elementor-heading-title elementor-size-default\">Dise\u00f1amos y construimos espacios con materiales de la mejor calidad<\/h3>\t\t\t\t<\/div>\n\t\t\t\t<\/div>\n\t\t\t\t<\/div>\n\t\t<div class=\"elementor-element elementor-element-3d6c444 e-con-full e-flex e-con e-child\" data-id=\"3d6c444\" data-element_type=\"container\" data-e-type=\"container\">\n\t\t\t\t<div class=\"elementor-element elementor-element-66c9b89d elementor-widget elementor-widget-text-editor\" data-id=\"66c9b89d\" data-element_type=\"widget\" data-e-type=\"widget\" data-widget_type=\"text-editor.default\">\n\t\t\t\t<div class=\"elementor-widget-container\">\n\t\t\t\t\t\t\t\t\t<p>Le ofrecemos asesoramiento previo, para dise\u00f1ar un espacio que se adapte del todo a sus necesidades. Como trabajamos con los mejores materiales, podemos ofrecerle stands de gran calidad, que se pueden reutilizar en el caso de que acuda a un evento durante varios a\u00f1os seguidos. Le ofrecemos construir sus espacios en diversos materiales de la mejor calidad, como metacrilato, maderas lacadas, aluminio, PVC, etc. Por ello, podemos garantizarle su durabilidad. Contacte con nosotros si desea que le confeccionemos un presupuesto personalizado sin compromiso alguno.<\/p>\t\t\t\t\t\t\t\t<\/div>\n\t\t\t\t<\/div>\n\t\t\t\t<\/div>\n\t\t\t\t\t<\/div>\n\t\t\t\t<\/div>\n\t\t<div class=\"elementor-element elementor-element-663e61dd e-flex e-con-boxed e-con e-parent\" data-id=\"663e61dd\" data-element_type=\"container\" data-e-type=\"container\" data-settings=\"{&quot;background_background&quot;:&quot;classic&quot;}\">\n\t\t\t\t\t<div class=\"e-con-inner\">\n\t\t<div class=\"elementor-element elementor-element-43ddae85 e-con-full e-flex e-con e-child\" data-id=\"43ddae85\" data-element_type=\"container\" data-e-type=\"container\">\n\t\t\t\t<div class=\"elementor-element elementor-element-65d320c4 elementor-widget elementor-widget-heading\" data-id=\"65d320c4\" data-element_type=\"widget\" data-e-type=\"widget\" data-widget_type=\"heading.default\">\n\t\t\t\t<div class=\"elementor-widget-container\">\n\t\t\t\t\t<p class=\"elementor-heading-title elementor-size-default\">Le proporcionamos los stands m\u00e1s modernos y sofisticados<\/p>\t\t\t\t<\/div>\n\t\t\t\t<\/div>\n\t\t\t\t<div class=\"elementor-element elementor-element-3f582395 elementor-align-center elementor-widget elementor-widget-button\" data-id=\"3f582395\" data-element_type=\"widget\" data-e-type=\"widget\" data-widget_type=\"button.default\">\n\t\t\t\t<div class=\"elementor-widget-container\">\n\t\t\t\t\t\t\t\t\t<div class=\"elementor-button-wrapper\">\n\t\t\t\t\t<a class=\"elementor-button elementor-button-link elementor-size-sm\" href=\"https:\/\/avanzaevents.com\/contact\/\">\n\t\t\t\t\t\t<span class=\"elementor-button-content-wrapper\">\n\t\t\t\t\t\t\t\t\t<span class=\"elementor-button-text\">CONTACTO<\/span>\n\t\t\t\t\t<\/span>\n\t\t\t\t\t<\/a>\n\t\t\t\t<\/div>\n\t\t\t\t\t\t\t\t<\/div>\n\t\t\t\t<\/div>\n\t\t\t\t<\/div>\n\t\t\t\t\t<\/div>\n\t\t\t\t<\/div>\n\t\t<div class=\"elementor-element elementor-element-c13352f e-flex e-con-boxed e-con e-parent\" data-id=\"c13352f\" data-element_type=\"container\" data-e-type=\"container\">\n\t\t\t\t\t<div class=\"e-con-inner\">\n\t\t<div class=\"elementor-element elementor-element-b5c9cda e-con-full e-flex e-con e-child\" data-id=\"b5c9cda\" data-element_type=\"container\" data-e-type=\"container\" data-settings=\"{&quot;background_background&quot;:&quot;classic&quot;}\">\n\t\t\t\t<div class=\"elementor-element elementor-element-4dd7087 elementor-widget elementor-widget-image\" data-id=\"4dd7087\" data-element_type=\"widget\" data-e-type=\"widget\" data-widget_type=\"image.default\">\n\t\t\t\t<div class=\"elementor-widget-container\">\n\t\t\t\t\t\t\t\t\t\t\t\t\t\t\t<img fetchpriority=\"high\" decoding=\"async\" width=\"1000\" height=\"667\" src=\"https:\/\/avanzaevents.com\/wp-content\/uploads\/2023\/02\/RP_7137.jpg\" class=\"attachment-full size-full wp-image-15026\" alt=\"Trade Show Booth Design Example\" srcset=\"https:\/\/avanzaevents.com\/wp-content\/uploads\/2023\/02\/RP_7137.jpg 1000w, https:\/\/avanzaevents.com\/wp-content\/uploads\/2023\/02\/RP_7137-300x200.jpg 300w, https:\/\/avanzaevents.com\/wp-content\/uploads\/2023\/02\/RP_7137-768x512.jpg 768w, https:\/\/avanzaevents.com\/wp-content\/uploads\/2023\/02\/RP_7137-700x467.jpg 700w\" sizes=\"(max-width: 1000px) 100vw, 1000px\" \/>\t\t\t\t\t\t\t\t\t\t\t\t\t\t\t<\/div>\n\t\t\t\t<\/div>\n\t\t\t\t<\/div>\n\t\t<div class=\"elementor-element elementor-element-3e53f38 e-con-full e-flex e-con e-child\" data-id=\"3e53f38\" data-element_type=\"container\" data-e-type=\"container\">\n\t\t\t\t<div class=\"elementor-element elementor-element-687c2b91 elementor-widget elementor-widget-text-editor\" data-id=\"687c2b91\" data-element_type=\"widget\" data-e-type=\"widget\" data-widget_type=\"text-editor.default\">\n\t\t\t\t<div class=\"elementor-widget-container\">\n\t\t\t\t\t\t\t\t\t<p>En Avanza, nos ocupamos del dise\u00f1o y montaje de stands para congresos. Tenemos una amplia experiencia en el sector, por lo que podemos garantizarle siempre el mejor servicio. Desde 1995 hemos dise\u00f1ado multitud de stands para empresas de primera l\u00ednea en congresos de todo el mundo.<\/p><p>Podemos ofrecerle stands para todo tipo de congresos, siempre completamente personalizados. Estamos especializados tanto en eventos que se celebren en Espa\u00f1a como en aquellos congresos que se celebren en el extranjero. Adem\u00e1s, estamos especializados en congresos m\u00e9dicos y a sus necesidades espec\u00edficas. Este tipo de evento tiene una idiosincrasia espec\u00edfica, por lo que es necesario personalizar el stand de una manera muy cuidadosa.<\/p>\t\t\t\t\t\t\t\t<\/div>\n\t\t\t\t<\/div>\n\t\t\t\t<\/div>\n\t\t\t\t\t<\/div>\n\t\t\t\t<\/div>\n\t\t<div class=\"elementor-element elementor-element-5f7134cc e-flex e-con-boxed e-con e-parent\" data-id=\"5f7134cc\" data-element_type=\"container\" data-e-type=\"container\" data-settings=\"{&quot;background_background&quot;:&quot;classic&quot;}\">\n\t\t\t\t\t<div class=\"e-con-inner\">\n\t\t<div class=\"elementor-element elementor-element-310b02bf e-con-full e-flex e-con e-child\" data-id=\"310b02bf\" data-element_type=\"container\" data-e-type=\"container\">\n\t\t\t\t<div class=\"elementor-element elementor-element-26ed4232 elementor-headline--style-rotate elementor-widget elementor-widget-animated-headline\" data-id=\"26ed4232\" data-element_type=\"widget\" data-e-type=\"widget\" data-settings=\"{&quot;headline_style&quot;:&quot;rotate&quot;,&quot;rotate_iteration_delay&quot;:1500,&quot;animation_type&quot;:&quot;typing&quot;}\" data-widget_type=\"animated-headline.default\">\n\t\t\t\t<div class=\"elementor-widget-container\">\n\t\t\t\t\t\t\t<p class=\"elementor-headline elementor-headline-animation-type-typing elementor-headline-letters\">\n\t\t\t\t\t<span class=\"elementor-headline-plain-text elementor-headline-text-wrapper\">Proyectos recientes<\/span>\n\t\t\t\t<span class=\"elementor-headline-dynamic-wrapper elementor-headline-text-wrapper\">\n\t\t\t\t<\/span>\n\t\t\t\t<\/p>\n\t\t\t\t\t\t<\/div>\n\t\t\t\t<\/div>\n\t\t\t\t<\/div>\n\t\t\t\t\t<\/div>\n\t\t\t\t<\/div>\n\t\t<div class=\"elementor-element elementor-element-2864bb3 e-flex e-con-boxed e-con e-parent\" data-id=\"2864bb3\" data-element_type=\"container\" data-e-type=\"container\">\n\t\t\t\t\t<div class=\"e-con-inner\">\n\t\t\t\t<div class=\"elementor-element elementor-element-ceca58a elementor-widget elementor-widget-spacer\" data-id=\"ceca58a\" data-element_type=\"widget\" data-e-type=\"widget\" data-widget_type=\"spacer.default\">\n\t\t\t\t<div class=\"elementor-widget-container\">\n\t\t\t\t\t\t\t<div class=\"elementor-spacer\">\n\t\t\t<div class=\"elementor-spacer-inner\"><\/div>\n\t\t<\/div>\n\t\t\t\t\t\t<\/div>\n\t\t\t\t<\/div>\n\t\t\t\t\t<\/div>\n\t\t\t\t<\/div>\n\t\t\t\t<\/div>\n\t\t","protected":false},"excerpt":{"rendered":"<p>Stands para congresos Un stand instalado en un evento es una de las mejores formas de promoci\u00f3n de una empresa. [&hellip;]<\/p>\n","protected":false},"author":11,"featured_media":0,"parent":0,"menu_order":0,"comment_status":"closed","ping_status":"closed","template":"","meta":{"_acf_changed":false,"site-sidebar-layout":"no-sidebar","site-content-layout":"","ast-site-content-layout":"full-width-container","site-content-style":"default","site-sidebar-style":"default","ast-global-header-display":"","ast-banner-title-visibility":"","ast-main-header-display":"","ast-hfb-above-header-display":"","ast-hfb-below-header-display":"","ast-hfb-mobile-header-display":"","site-post-title":"disabled","ast-breadcrumbs-content":"","ast-featured-img":"disabled","footer-sml-layout":"","ast-disable-related-posts":"","theme-transparent-header-meta":"","adv-header-id-meta":"","stick-header-meta":"","header-above-stick-meta":"","header-main-stick-meta":"","header-below-stick-meta":"","astra-migrate-meta-layouts":"default","ast-page-background-enabled":"default","ast-page-background-meta":{"desktop":{"background-color":"var(--ast-global-color-5)","background-image":"","background-repeat":"repeat","background-position":"center center","background-size":"auto","background-attachment":"scroll","background-type":"","background-media":"","overlay-type":"","overlay-color":"","overlay-opacity":"","overlay-gradient":""},"tablet":{"background-color":"","background-image":"","background-repeat":"repeat","background-position":"center center","background-size":"auto","background-attachment":"scroll","background-type":"","background-media":"","overlay-type":"","overlay-color":"","overlay-opacity":"","overlay-gradient":""},"mobile":{"background-color":"","background-image":"","background-repeat":"repeat","background-position":"center center","background-size":"auto","background-attachment":"scroll","background-type":"","background-media":"","overlay-type":"","overlay-color":"","overlay-opacity":"","overlay-gradient":""}},"ast-content-background-meta":{"desktop":{"background-color":"var(--ast-global-color-4)","background-image":"","background-repeat":"repeat","background-position":"center center","background-size":"auto","background-attachment":"scroll","background-type":"","background-media":"","overlay-type":"","overlay-color":"","overlay-opacity":"","overlay-gradient":""},"tablet":{"background-color":"var(--ast-global-color-4)","background-image":"","background-repeat":"repeat","background-position":"center center","background-size":"auto","background-attachment":"scroll","background-type":"","background-media":"","overlay-type":"","overlay-color":"","overlay-opacity":"","overlay-gradient":""},"mobile":{"background-color":"var(--ast-global-color-4)","background-image":"","background-repeat":"repeat","background-position":"center center","background-size":"auto","background-attachment":"scroll","background-type":"","background-media":"","overlay-type":"","overlay-color":"","overlay-opacity":"","overlay-gradient":""}},"_joinchat":[],"footnotes":""},"class_list":["post-22826","page","type-page","status-publish","hentry"],"acf":[],"yoast_head":"<!-- This site is optimized with the Yoast SEO plugin v27.4 - https:\/\/yoast.com\/product\/yoast-seo-wordpress\/ -->\n<title>Dise\u00f1o y montaje de stands para congresos | Avanza<\/title>\n<meta name=\"description\" content=\"Avanza acomete el dise\u00f1o y montaje de stands para congresos nacionales e internacionales. Instalaci\u00f3n completa en cualquier lugar del mundo.\" \/>\n<meta name=\"robots\" content=\"index, follow, max-snippet:-1, max-image-preview:large, max-video-preview:-1\" \/>\n<link rel=\"canonical\" href=\"https:\/\/avanzaevents.com\/es\/diseno-montaje-stands-congresos\/\" \/>\n<meta property=\"og:locale\" content=\"es_ES\" \/>\n<meta property=\"og:type\" content=\"article\" \/>\n<meta property=\"og:title\" content=\"Dise\u00f1o y montaje de stands para congresos | Avanza\" \/>\n<meta property=\"og:description\" content=\"Avanza acomete el dise\u00f1o y montaje de stands para congresos nacionales e internacionales. Instalaci\u00f3n completa en cualquier lugar del mundo.\" \/>\n<meta property=\"og:url\" content=\"https:\/\/avanzaevents.com\/es\/diseno-montaje-stands-congresos\/\" \/>\n<meta property=\"og:site_name\" content=\"Avanza Group\" \/>\n<meta property=\"article:modified_time\" content=\"2025-09-09T16:36:56+00:00\" \/>\n<meta property=\"og:image\" content=\"https:\/\/avanzaevents.com\/wp-content\/uploads\/elementor\/thumbs\/IMG-20250327-WA0029-r7fsutojeuoyxjyng8h8odp6j8bfyqx5dkj8qkt55c.jpg\" \/>\n<meta name=\"twitter:card\" content=\"summary_large_image\" \/>\n<meta name=\"twitter:label1\" content=\"Tiempo de lectura\" \/>\n\t<meta name=\"twitter:data1\" content=\"2 minutos\" \/>\n<script type=\"application\/ld+json\" class=\"yoast-schema-graph\">{\"@context\":\"https:\\\/\\\/schema.org\",\"@graph\":[{\"@type\":\"WebPage\",\"@id\":\"https:\\\/\\\/avanzaevents.com\\\/es\\\/diseno-montaje-stands-congresos\\\/\",\"url\":\"https:\\\/\\\/avanzaevents.com\\\/es\\\/diseno-montaje-stands-congresos\\\/\",\"name\":\"Dise\u00f1o y montaje de stands para congresos | Avanza\",\"isPartOf\":{\"@id\":\"https:\\\/\\\/avanzaevents.com\\\/es\\\/#website\"},\"primaryImageOfPage\":{\"@id\":\"https:\\\/\\\/avanzaevents.com\\\/es\\\/diseno-montaje-stands-congresos\\\/#primaryimage\"},\"image\":{\"@id\":\"https:\\\/\\\/avanzaevents.com\\\/es\\\/diseno-montaje-stands-congresos\\\/#primaryimage\"},\"thumbnailUrl\":\"https:\\\/\\\/avanzaevents.com\\\/wp-content\\\/uploads\\\/elementor\\\/thumbs\\\/IMG-20250327-WA0029-r7fsutojeuoyxjyng8h8odp6j8bfyqx5dkj8qkt55c.jpg\",\"datePublished\":\"2025-06-06T15:14:59+00:00\",\"dateModified\":\"2025-09-09T16:36:56+00:00\",\"description\":\"Avanza acomete el dise\u00f1o y montaje de stands para congresos nacionales e internacionales. Instalaci\u00f3n completa en cualquier lugar del mundo.\",\"breadcrumb\":{\"@id\":\"https:\\\/\\\/avanzaevents.com\\\/es\\\/diseno-montaje-stands-congresos\\\/#breadcrumb\"},\"inLanguage\":\"es\",\"potentialAction\":[{\"@type\":\"ReadAction\",\"target\":[\"https:\\\/\\\/avanzaevents.com\\\/es\\\/diseno-montaje-stands-congresos\\\/\"]}]},{\"@type\":\"ImageObject\",\"inLanguage\":\"es\",\"@id\":\"https:\\\/\\\/avanzaevents.com\\\/es\\\/diseno-montaje-stands-congresos\\\/#primaryimage\",\"url\":\"https:\\\/\\\/avanzaevents.com\\\/wp-content\\\/uploads\\\/elementor\\\/thumbs\\\/IMG-20250327-WA0029-r7fsutojeuoyxjyng8h8odp6j8bfyqx5dkj8qkt55c.jpg\",\"contentUrl\":\"https:\\\/\\\/avanzaevents.com\\\/wp-content\\\/uploads\\\/elementor\\\/thumbs\\\/IMG-20250327-WA0029-r7fsutojeuoyxjyng8h8odp6j8bfyqx5dkj8qkt55c.jpg\"},{\"@type\":\"BreadcrumbList\",\"@id\":\"https:\\\/\\\/avanzaevents.com\\\/es\\\/diseno-montaje-stands-congresos\\\/#breadcrumb\",\"itemListElement\":[{\"@type\":\"ListItem\",\"position\":1,\"name\":\"Portada\",\"item\":\"https:\\\/\\\/avanzaevents.com\\\/es\\\/\"},{\"@type\":\"ListItem\",\"position\":2,\"name\":\"Stands para congresos\"}]},{\"@type\":\"WebSite\",\"@id\":\"https:\\\/\\\/avanzaevents.com\\\/es\\\/#website\",\"url\":\"https:\\\/\\\/avanzaevents.com\\\/es\\\/\",\"name\":\"Avanza Group\",\"description\":\"Otro sitio realizado con WordPress\",\"publisher\":{\"@id\":\"https:\\\/\\\/avanzaevents.com\\\/es\\\/#organization\"},\"potentialAction\":[{\"@type\":\"SearchAction\",\"target\":{\"@type\":\"EntryPoint\",\"urlTemplate\":\"https:\\\/\\\/avanzaevents.com\\\/es\\\/?s={search_term_string}\"},\"query-input\":{\"@type\":\"PropertyValueSpecification\",\"valueRequired\":true,\"valueName\":\"search_term_string\"}}],\"inLanguage\":\"es\"},{\"@type\":\"Organization\",\"@id\":\"https:\\\/\\\/avanzaevents.com\\\/es\\\/#organization\",\"name\":\"Avanza group\",\"url\":\"https:\\\/\\\/avanzaevents.com\\\/es\\\/\",\"logo\":{\"@type\":\"ImageObject\",\"inLanguage\":\"es\",\"@id\":\"https:\\\/\\\/avanzaevents.com\\\/es\\\/#\\\/schema\\\/logo\\\/image\\\/\",\"url\":\"https:\\\/\\\/avanzaevents.com\\\/wp-content\\\/uploads\\\/2020\\\/02\\\/logo300px.png\",\"contentUrl\":\"https:\\\/\\\/avanzaevents.com\\\/wp-content\\\/uploads\\\/2020\\\/02\\\/logo300px.png\",\"width\":340,\"height\":125,\"caption\":\"Avanza group\"},\"image\":{\"@id\":\"https:\\\/\\\/avanzaevents.com\\\/es\\\/#\\\/schema\\\/logo\\\/image\\\/\"}}]}<\/script>\n<!-- \/ Yoast SEO plugin. -->","yoast_head_json":{"title":"Dise\u00f1o y montaje de stands para congresos | Avanza","description":"Avanza acomete el dise\u00f1o y montaje de stands para congresos nacionales e internacionales. Instalaci\u00f3n completa en cualquier lugar del mundo.","robots":{"index":"index","follow":"follow","max-snippet":"max-snippet:-1","max-image-preview":"max-image-preview:large","max-video-preview":"max-video-preview:-1"},"canonical":"https:\/\/avanzaevents.com\/es\/diseno-montaje-stands-congresos\/","og_locale":"es_ES","og_type":"article","og_title":"Dise\u00f1o y montaje de stands para congresos | Avanza","og_description":"Avanza acomete el dise\u00f1o y montaje de stands para congresos nacionales e internacionales. Instalaci\u00f3n completa en cualquier lugar del mundo.","og_url":"https:\/\/avanzaevents.com\/es\/diseno-montaje-stands-congresos\/","og_site_name":"Avanza Group","article_modified_time":"2025-09-09T16:36:56+00:00","og_image":[{"url":"https:\/\/avanzaevents.com\/wp-content\/uploads\/elementor\/thumbs\/IMG-20250327-WA0029-r7fsutojeuoyxjyng8h8odp6j8bfyqx5dkj8qkt55c.jpg","type":"","width":"","height":""}],"twitter_card":"summary_large_image","twitter_misc":{"Tiempo de lectura":"2 minutos"},"schema":{"@context":"https:\/\/schema.org","@graph":[{"@type":"WebPage","@id":"https:\/\/avanzaevents.com\/es\/diseno-montaje-stands-congresos\/","url":"https:\/\/avanzaevents.com\/es\/diseno-montaje-stands-congresos\/","name":"Dise\u00f1o y montaje de stands para congresos | Avanza","isPartOf":{"@id":"https:\/\/avanzaevents.com\/es\/#website"},"primaryImageOfPage":{"@id":"https:\/\/avanzaevents.com\/es\/diseno-montaje-stands-congresos\/#primaryimage"},"image":{"@id":"https:\/\/avanzaevents.com\/es\/diseno-montaje-stands-congresos\/#primaryimage"},"thumbnailUrl":"https:\/\/avanzaevents.com\/wp-content\/uploads\/elementor\/thumbs\/IMG-20250327-WA0029-r7fsutojeuoyxjyng8h8odp6j8bfyqx5dkj8qkt55c.jpg","datePublished":"2025-06-06T15:14:59+00:00","dateModified":"2025-09-09T16:36:56+00:00","description":"Avanza acomete el dise\u00f1o y montaje de stands para congresos nacionales e internacionales. Instalaci\u00f3n completa en cualquier lugar del mundo.","breadcrumb":{"@id":"https:\/\/avanzaevents.com\/es\/diseno-montaje-stands-congresos\/#breadcrumb"},"inLanguage":"es","potentialAction":[{"@type":"ReadAction","target":["https:\/\/avanzaevents.com\/es\/diseno-montaje-stands-congresos\/"]}]},{"@type":"ImageObject","inLanguage":"es","@id":"https:\/\/avanzaevents.com\/es\/diseno-montaje-stands-congresos\/#primaryimage","url":"https:\/\/avanzaevents.com\/wp-content\/uploads\/elementor\/thumbs\/IMG-20250327-WA0029-r7fsutojeuoyxjyng8h8odp6j8bfyqx5dkj8qkt55c.jpg","contentUrl":"https:\/\/avanzaevents.com\/wp-content\/uploads\/elementor\/thumbs\/IMG-20250327-WA0029-r7fsutojeuoyxjyng8h8odp6j8bfyqx5dkj8qkt55c.jpg"},{"@type":"BreadcrumbList","@id":"https:\/\/avanzaevents.com\/es\/diseno-montaje-stands-congresos\/#breadcrumb","itemListElement":[{"@type":"ListItem","position":1,"name":"Portada","item":"https:\/\/avanzaevents.com\/es\/"},{"@type":"ListItem","position":2,"name":"Stands para congresos"}]},{"@type":"WebSite","@id":"https:\/\/avanzaevents.com\/es\/#website","url":"https:\/\/avanzaevents.com\/es\/","name":"Avanza Group","description":"Otro sitio realizado con WordPress","publisher":{"@id":"https:\/\/avanzaevents.com\/es\/#organization"},"potentialAction":[{"@type":"SearchAction","target":{"@type":"EntryPoint","urlTemplate":"https:\/\/avanzaevents.com\/es\/?s={search_term_string}"},"query-input":{"@type":"PropertyValueSpecification","valueRequired":true,"valueName":"search_term_string"}}],"inLanguage":"es"},{"@type":"Organization","@id":"https:\/\/avanzaevents.com\/es\/#organization","name":"Avanza group","url":"https:\/\/avanzaevents.com\/es\/","logo":{"@type":"ImageObject","inLanguage":"es","@id":"https:\/\/avanzaevents.com\/es\/#\/schema\/logo\/image\/","url":"https:\/\/avanzaevents.com\/wp-content\/uploads\/2020\/02\/logo300px.png","contentUrl":"https:\/\/avanzaevents.com\/wp-content\/uploads\/2020\/02\/logo300px.png","width":340,"height":125,"caption":"Avanza group"},"image":{"@id":"https:\/\/avanzaevents.com\/es\/#\/schema\/logo\/image\/"}}]}},"_links":{"self":[{"href":"https:\/\/avanzaevents.com\/es\/wp-json\/wp\/v2\/pages\/22826","targetHints":{"allow":["GET"]}}],"collection":[{"href":"https:\/\/avanzaevents.com\/es\/wp-json\/wp\/v2\/pages"}],"about":[{"href":"https:\/\/avanzaevents.com\/es\/wp-json\/wp\/v2\/types\/page"}],"author":[{"embeddable":true,"href":"https:\/\/avanzaevents.com\/es\/wp-json\/wp\/v2\/users\/11"}],"replies":[{"embeddable":true,"href":"https:\/\/avanzaevents.com\/es\/wp-json\/wp\/v2\/comments?post=22826"}],"version-history":[{"count":34,"href":"https:\/\/avanzaevents.com\/es\/wp-json\/wp\/v2\/pages\/22826\/revisions"}],"predecessor-version":[{"id":24245,"href":"https:\/\/avanzaevents.com\/es\/wp-json\/wp\/v2\/pages\/22826\/revisions\/24245"}],"wp:attachment":[{"href":"https:\/\/avanzaevents.com\/es\/wp-json\/wp\/v2\/media?parent=22826"}],"curies":[{"name":"wp","href":"https:\/\/api.w.org\/{rel}","templated":true}]}}