{"id":23452,"date":"2025-07-14T17:48:57","date_gmt":"2025-07-14T15:48:57","guid":{"rendered":"https:\/\/avanzaevents.com\/cookies-policy\/"},"modified":"2025-07-14T17:50:13","modified_gmt":"2025-07-14T15:50:13","slug":"cookies-policy","status":"publish","type":"page","link":"https:\/\/avanzaevents.com\/es\/cookies-policy\/","title":{"rendered":"Pol\u00edtica de cookies"},"content":{"rendered":"\n<p><\/p>\n\n\n\n<h2 class=\"wp-block-heading\">Pol\u00edtica de cookies<\/h2>\n\n\n\n<h5 class=\"wp-block-heading\">\u00bfQu\u00e9 son las cookies?<\/h5>\n\n\n\n<p>Las cookies son peque\u00f1os archivos de textos que se usan para almacenar informaci\u00f3n. Las cookies se almacenan en tu dispositivo cuando accedes a una p\u00e1gina web desde tu navegador. Estas cookies nos ayudan a que hacer funcionar la web, a hacerla m\u00e1s segura, a mejorar la experiencia de usuario y a entender c\u00f3mo se comporta la web y d\u00f3nde es necesario hacer mejoras o corregir errores.<\/p>\n\n\n\n<p>Avanza Events utiliza cookies propias y de terceros para mejorar el funcionamiento t\u00e9cnico de la web, analizar tu navegaci\u00f3n con fines estad\u00edsticos, personalizar tu experiencia o mostrar publicidad relacionada con tus preferencias.<\/p>\n\n\n\n<h5 class=\"wp-block-heading\">\u00bfPor qu\u00e9 debo permitir las cookies?<\/h5>\n\n\n\n<p>Al permitir las cookies, podr\u00e1s obtener una mejor experiencia en nuestro sitio web.<\/p>\n\n\n\n<p>Adem\u00e1s, hay algunas acciones b\u00e1sicas que requieren cookies, tales como la compra de una l\u00ednea de tel\u00e9fono o gestiones en el \u00e1rea de clientes.<\/p>\n\n\n\n<p>Por ejemplo, usamos cookies en los siguientes casos:<\/p>\n\n\n\n<ul class=\"wp-block-list\">\n<li>Cuando te logas en tu cuenta<\/li>\n\n\n\n<li>Un hist\u00f3rico de tus preferencias para tu pr\u00f3xima visita<\/li>\n\n\n\n<li>Proporcionar contenido personalizado<\/li>\n<\/ul>\n\n\n\n<h5 class=\"wp-block-heading\">\u00bfQu\u00e9 pasa si bloqueo las cookies?<\/h5>\n\n\n\n<p>Si decides bloquear las cookies, puede impedir el correcto funcionamiento de algunas caracter\u00edsticas de la web de avanzaevents.com. Esto restringir\u00e1 lo que puedes hacer en nuestra web.<\/p>\n\n\n\n<p>Si aceptas estas limitaciones y decides bloquear las cookies, por favor sigue las instrucciones para tu navegador en la siguiente secci\u00f3n.<\/p>\n\n\n\n<h5 class=\"wp-block-heading\">\u00bfC\u00f3mo puedo bloquear o permitir las cookies?<\/h5>\n\n\n\n<p>La mayor\u00eda de los navegadores est\u00e1n configurados de forma predeterminada para aceptar cookies, pero puedes cambiar la configuraci\u00f3n para bloquear algunas o todas las cookies, si lo prefieres. Si no te gusta c\u00f3mo esto afecta a su experiencia online, es igual de f\u00e1cil de cambiar las cosas de nuevo.<\/p>\n\n\n\n<p>Elige tu navegador de la siguiente lista:<br><strong>Microsoft Internet Explorer 6\/7\/8 (Windows XP\/Vista)<\/strong><\/p>\n\n\n\n<ol class=\"wp-block-list\">\n<li>Seleccione <strong>Herramientas<\/strong> en el men\u00fa, y luego <strong>Opciones de Internet<\/strong>.<\/li>\n\n\n\n<li>Haga clic en la pesta\u00f1a de <strong>Privacidad<\/strong>.<\/li>\n\n\n\n<li>Elija los ajustes que desea.<\/li>\n\n\n\n<li>Haga clic en<strong> OK<\/strong>.<\/li>\n<\/ol>\n\n\n\n<p><strong>Microsoft Internet Explorer 11<\/strong><\/p>\n\n\n\n<ol class=\"wp-block-list\">\n<li>Haga clic en el icono <strong>Configuraci\u00f3n<\/strong> (arriba a la derecha)<\/li>\n\n\n\n<li>Haga clic en <strong>Opciones de Internet<\/strong>.<\/li>\n\n\n\n<li>Haga clic en <strong>Privacidad<\/strong> y seleccione sus opciones.<\/li>\n\n\n\n<li>Haga clic en <strong>Aplicar<\/strong> y luego en <strong>OK<\/strong>.<\/li>\n\n\n\n<li>Seleccione <strong>Herramientas<\/strong> en el men\u00fa, y luego <strong>Opciones<\/strong>.<\/li>\n\n\n\n<li>Haga clic en la pesta\u00f1a de <strong>Privacidad<\/strong>.<\/li>\n\n\n\n<li>Elija los ajustes que desea.<\/li>\n\n\n\n<li>Haga clic en <strong>OK<\/strong>.<\/li>\n\n\n\n<li>Haga clic en el men\u00fa de Chrome <img decoding=\"async\" width=\"29\" height=\"29\" src=\"\" alt=\"Icono Opciones Chrome\">\u00a0situado en la barra de herramientas del navegador.<\/li>\n\n\n\n<li>Selecciona <strong>Configuraci\u00f3n<\/strong>.<\/li>\n\n\n\n<li>Haga clic en <strong>Mostrar opciones avanzadas<\/strong>.<\/li>\n\n\n\n<li>En la secci\u00f3n <strong>Privacidad<\/strong>, haz clic en el bot\u00f3n <strong>Configuraci\u00f3n<\/strong> de contenido.<\/li>\n\n\n\n<li>Elija los ajustes que desea.<\/li>\n\n\n\n<li>Haga clic en <strong>X<\/strong> para cerrar.<\/li>\n\n\n\n<li>Seleccione <strong>Safari<\/strong> en el men\u00fa, a continuaci\u00f3n, <strong>Preferencias<\/strong>.<\/li>\n\n\n\n<li>Haga clic en el panel <strong>Privacidad<\/strong>.<\/li>\n\n\n\n<li>Elija los ajustes que desea.<\/li>\n\n\n\n<li>Haga clic en <strong>X<\/strong> para cerrar.<\/li>\n\n\n\n<li>Haga clic en el men\u00fa de Opera y seleccione <strong>Configuraci\u00f3n<\/strong>.<\/li>\n\n\n\n<li>Haga clic en <strong>Opciones<\/strong>.<\/li>\n\n\n\n<li>Haga clic en la pesta\u00f1a de <strong>Avanzado<\/strong>.<\/li>\n\n\n\n<li>En las opciones de la izquierda seleccione <strong>Cookies<\/strong>.<\/li>\n\n\n\n<li>Elija los ajustes que desea.<\/li>\n\n\n\n<li>Haga clic en <strong>Aceptar<\/strong>.<\/li>\n\n\n\n<li>Desde la pantalla de inicio, seleccione <strong>Configuraci\u00f3n<\/strong>.<\/li>\n\n\n\n<li>Seleccione <strong>Safari<\/strong>.<\/li>\n\n\n\n<li>Haga clic en <strong>Aceptar Cookies<\/strong>.<\/li>\n\n\n\n<li>Elija la configuraci\u00f3n que prefiera.<\/li>\n\n\n\n<li>Inicie la aplicaci\u00f3n de navegador.<\/li>\n\n\n\n<li>Haga clic en el bot\u00f3n <strong>Men\u00fa<\/strong>.<\/li>\n\n\n\n<li>Seleccione la opci\u00f3n <strong>M\u00e1s<\/strong>, a continuaci\u00f3n, en <strong>Configuraci\u00f3n<\/strong>.<\/li>\n\n\n\n<li>Marque o desmarque <strong>Aceptar cookies<\/strong>.<\/li>\n\n\n\n<li>Desde la pantalla de inicio, haga clic en la flecha derecha.<\/li>\n\n\n\n<li>Vaya a <strong>Configuraci\u00f3n<\/strong><\/li>\n\n\n\n<li>Seleccione <strong>Internet Explorer<\/strong>.<\/li>\n\n\n\n<li>Marque o desmarque <strong>Aceptar cookies<\/strong>.<\/li>\n<\/ol>\n\n\n\n<h4 class=\"wp-block-heading\"><strong>COOKIES EMPLEADAS EN AVANZAEVENTS.COM<\/strong><\/h4>\n\n\n\n<figure class=\"wp-block-table\"><table class=\"has-fixed-layout\"><tbody><tr><td colspan=\"3\"><strong>COOKIES PROPIAS<\/strong><\/td><\/tr><tr><td><strong>Cookies<\/strong><\/td><td><strong>Informaci\u00f3n<\/strong><\/td><td><strong>Finalidad<\/strong><\/td><\/tr><tr><td>Imprescindibles \u2013 Propias<\/td><td>C. de entrada del usuario C. de sesi\u00f3n de autenticaci\u00f3n o identificaci\u00f3n del usuario C. de seguridad del usuario C. de sesi\u00f3n de reproductor multimedia C. de sesi\u00f3n para equilibrar la carga C. de personalizaci\u00f3n de la interfaz de usuario C. de complemento (plug-in) para compartir e intercambiar contenidos sociales (Facebook y twitter) C. para rellenar los formularios del sistema de comentarios. que recuerda la aceptaci\u00f3n de cookies.<\/td><td>Sirven para ofrecer servicios o recordar configuraciones para mejorar su experiencia de navegaci\u00f3n en nuestro sitio web.<\/td><\/tr><tr><td colspan=\"3\"><strong>COOKIES DE TERCEROS \/ ADICIONALES<\/strong><\/td><\/tr><tr><td><strong>Cookies<\/strong><\/td><td><strong>Informaci\u00f3n<\/strong><\/td><td><strong>Finalidad<\/strong><\/td><\/tr><tr><td><strong>Google Analytics, Google Tag Manager<\/strong>:<br>_ga, _gaid, _gat, _gat_clientTracker, HSID, SSID, SID, SAPISI, APISID, NID<\/td><td>N\u00famero de visitas, p\u00e1ginas o secciones visitadas, tiempo de navegaci\u00f3n, sitios visitados antes de entrar en esta p\u00e1gina, detalles sobre los navegadores usados<\/td><td>Informes estad\u00edsticos sobre el tr\u00e1fico del sitio web, su audiencia total y la audiencia en una determinada campa\u00f1a publicitaria<\/td><\/tr><tr><td><strong>Google Remarketing, Google Doubleclick y Google Ads<\/strong>:<br>RUL, IDE, NID, test_cookie<\/td><td>Sirven para mostrar anuncios recordatorios a usuarios que ya han visitado la web pero que no completaron la compra<\/td><td>Ofrecer anuncios personalizados, reconectar con posibles clientes para incentivar la compra, an\u00e1lisis de audiencias<\/td><\/tr><tr><td><strong>YouTube<\/strong>:<br>YSC, GPS, VISITOR_INFO1_LIVE<\/td><td>Se utiliza para rastrear la informaci\u00f3n de los videos incrustados de YouTube en un sitio web.<\/td><td>Funciones anal\u00edticas sobre los v\u00eddeos de YouTube<\/td><\/tr><tr><td><strong>Bluekai<\/strong>:<br>bkdc, bku<\/td><td>Registrar y analizar el tr\u00e1fico y comportamiento del usuario<\/td><td>Funciones anal\u00edticas relacionadas con los productos de Oracle<\/td><\/tr><tr><td><strong>Hotjar<\/strong>:<br>_hjid, hjClosedSurveyInvites, hjDonePolls, hjMinimizedPolls, hjShownFeedbackMessage, _hjRecordingLastActivity, _hjTLDTest, _hjUserAttributesHash, _hjCachedUserAttributes, _hjLocalStorageTest, _hjIncludedInPageviewSample, _hjIncludedInSessionSample, _hjAbsoluteSessionInProgress<\/td><td>Informaci\u00f3n sobre el comportamiento del usuario en la web (scroll, movimientos del rat\u00f3n, etc.)<\/td><td>Informes estad\u00edsticos sobre el tr\u00e1fico y el uso de la web.<\/td><\/tr><tr><td><strong>Hubspot<\/strong>:<br>_cfduid, hupspotutk, __hssc<\/td><td>Informaci\u00f3n sobre las p\u00e1ginas web visitadas y formularios enviados<\/td><td>Funciones anal\u00edticas relacionadas con el software de marketing Hubspot<\/td><\/tr><tr><td><strong>Facebook<\/strong>:<br>fr, _fbp, c_user, datr, dpr, presence, sb, spin, xs<\/td><td>Seguimiento de las conversiones de usuarios llegados a la p\u00e1gina desde Facebook<\/td><td>Informes estad\u00edsticos sobre el tr\u00e1fico del sitio web, su audiencia total y la audiencia en una determinada campa\u00f1a publicitaria<\/td><\/tr><tr><td><strong>Salesforce<\/strong>:<br>_kuid_<\/td><td>Informaci\u00f3n sobre las p\u00e1ginas web visitadas<\/td><td>Funciones anal\u00edticas relacionadas con el software de marketing y relaciones comerciales Salesforce<\/td><\/tr><tr><td><strong>Clickcease<\/strong>:<br>_cfduid<\/td><td>Informaci\u00f3n sobre el comportamiento del usuario<\/td><td>Detectar clicks de bots y diferenciarlos de usuarios reales<\/td><\/tr><tr><td><strong>Call Tracking<\/strong>:<br>__ctmid, ct<\/td><td>Sirven para medir y analizar los clicks de los usuarios en los botones de llamada por tel\u00e9fono<\/td><td>Informes estad\u00edsticos sobre el tr\u00e1fico y el uso de la web en lo relativo a las llamadas telef\u00f3nicas.<\/td><\/tr><\/tbody><\/table><\/figure>\n\n\n\n<p><a href=\"http:\/\/www.addoor.net\/politica-de-cookies\/\"><em>Addoor<\/em><\/a> \u2013 <a href=\"https:\/\/www.appnexus.com\/cookie-policy\"><em>Appnexus<\/em><\/a> \u2013 <a href=\"https:\/\/policies.google.com\/privacy\"><em>Google Ads<\/em><\/a> \u2013 <a href=\"https:\/\/www.barilliance.com\/es\/privacy-policy\/\"><em>Barilliance<\/em><\/a> \u2013 <a href=\"https:\/\/privacy.microsoft.com\/es-es\/privacystatement\"><em>Bing<\/em><\/a> \u2013 <a href=\"https:\/\/www.oracle.com\/legal\/privacy\/marketing-cloud-data-cloud-privacy-policy.html\"><em>Bluekai<\/em><\/a> \u2013 <a href=\"https:\/\/datmean.com\/cookie-policy\/\"><em>Datmean<\/em><\/a> \u2013 <a href=\"https:\/\/www.facebook.com\/policies\/cookies\/\"><em>Facebook<\/em><\/a> \u2013 <a href=\"https:\/\/www.orange.es\/cookies.html\"><em>Orange<\/em><\/a> \u2013 <a href=\"http:\/\/www.smartclip.com\/es\/pol%C3%ADtica-de-privacidad\"><em>Smartclip<\/em><\/a> \u2013 <a href=\"https:\/\/www.tradedoubler.com\/es\/privacy-policy\/\"><em>TradeDoubler<\/em><\/a> \u2013 <a href=\"http:\/\/tradelab.com\/es\/privacidad\/\"><em>TradeDoubler<\/em><\/a> \u2013 <a href=\"http:\/\/exponential.com\/privacy\/\"><em>Tribalfusion<\/em><\/a> \u2013 <a href=\"https:\/\/help.twitter.com\/es\/rules-and-policies\/twitter-cookies\"><em>Twitter cookies policies<\/em><\/a> \u2013 <a href=\"http:\/\/cookies.unidadeditorial.es\/\"><em>UnidadEditorial<\/em><\/a> \u2013 <a href=\"https:\/\/policies.google.com\/technologies\/cookies?hl=es&amp;gl=es\"><em>Youtube<\/em><\/a><\/p>\n\n\n\n<h4 class=\"wp-block-heading\"><strong>Tipolog\u00eda de cookies y finalidades de uso<\/strong><\/h4>\n\n\n\n<h5 class=\"wp-block-heading\">Cookies propias<\/h5>\n\n\n\n<p>Las creadas o gestionadas por el responsable de la p\u00e1gina web avanzaevents.com<\/p>\n\n\n\n<p><strong>Finalidades t\u00e9cnicas:<\/strong> Son aqu\u00e9llas que permiten al usuario la navegaci\u00f3n a trav\u00e9s de una p\u00e1gina web, plataforma o aplicaci\u00f3n y la utilizaci\u00f3n de las diferentes opciones o servicios que en ella existan como, por ejemplo, controlar el tr\u00e1fico y la comunicaci\u00f3n de datos o almacenar contenidos para la difusi\u00f3n de videos o sonido.<\/p>\n\n\n\n<p><strong>Finalidad de an\u00e1lisis:<\/strong> Son aqu\u00e9llas que permiten el seguimiento y an\u00e1lisis del comportamiento de los usuarios de la p\u00e1gina web, para la elaboraci\u00f3n de perfiles de navegaci\u00f3n, con el fin de introducir mejoras en funci\u00f3n del an\u00e1lisis de los datos de uso que se haga sobre la web. Entre otros datos, un identificador de usuario por sesi\u00f3n y la fecha de primera conexi\u00f3n a la web y de la ocasi\u00f3n anterior en la que accedi\u00f3 a la web.<\/p>\n\n\n\n<p><strong>Finalidad de personalizaci\u00f3n:<\/strong> Estas cookies almacenan informaci\u00f3n del comportamiento del usuario obtenida a trav\u00e9s del registro de sus h\u00e1bitos de navegaci\u00f3n, lo que permite desarrollar un perfil espec\u00edfico para ofrecer informaci\u00f3n comercial adaptada a sus gustos y preferencias. Almacenan informaci\u00f3n como el tipo de conexi\u00f3n, idioma, patrones de navegaci\u00f3n o ubicaci\u00f3n.<\/p>\n\n\n\n<h5 class=\"wp-block-heading\">Cookies de terceros<\/h5>\n\n\n\n<p>Son cookies servidas y administradas por prestadores de servicios publicitarios y\/o de an\u00e1lisis ajenos al responsable de la p\u00e1gina web avanzaevents.com<\/p>\n\n\n\n<p>Estas cookies permiten la gesti\u00f3n eficaz y adaptada a las preferencias del usuario de campa\u00f1as publicitarias e informativas. Pueden almacenar informaci\u00f3n del comportamiento de los usuarios de avanzaevents.com para desarrollar un perfil espec\u00edfico para mostrar publicidad en funci\u00f3n de sus intereses.<\/p>\n\n\n\n<p>Al final de esta p\u00e1gina, se detallan tanto los terceros que pueden configurar y acceder a cookies de su equipo (no exentas de informaci\u00f3n y consentimiento), como enlaces a la pol\u00edtica de privacidad de estos proveedores.<\/p>\n\n\n\n<h4 class=\"wp-block-heading\"><strong>Utilizaci\u00f3n de sistemas de medici\u00f3n y anal\u00edtica<\/strong><\/h4>\n\n\n\n<h5 class=\"wp-block-heading\">Google Analytics<\/h5>\n\n\n\n<p>Estas p\u00e1ginas web utilizan Google Analytics, un servicio de an\u00e1lisis de sitos webs prestado por Google, Inc. (\u201cGoogle\u201d), una compa\u00f1\u00eda de Delaware, con domicilio en 1600 Amphitheatre Parkway, Mountain View (California), CA 94043, Estados Unidos.<\/p>\n\n\n\n<p>Google Analytics utiliza \u201ccookies\u201d para ayudar a analizar el uso que los usuarios hacen del sitio web. La informaci\u00f3n que genera la cookie acerca de tu uso del sitio web (incluyendo tu direcci\u00f3n IP) ser\u00e1 directamente transmitida y archivada por Google en los servidores de Estados Unidos. Google usar\u00e1 esta informaci\u00f3n por cuenta de avanzaevents con el prop\u00f3sito de (i) hacer un seguimiento de tu uso del sitio web, (ii) recopilar informes de la actividad del mismo, (iii) prestar otros servicios relacionados con la actividad del sitio web y el uso de Internet.<\/p>\n\n\n\n<p>Google podr\u00e1 transmitir dicha informaci\u00f3n a terceros cuando as\u00ed se lo requiera la legislaci\u00f3n, o cuando dichos terceros procesen la informaci\u00f3n por cuenta de Google. Google no asociar\u00e1 su direcci\u00f3n IP con ning\u00fan otro dato del que disponga Google.<\/p>\n\n\n\n<p>Puedes oponerte al tratamiento de los datos o la informaci\u00f3n rechazando el uso de cookies mediante la selecci\u00f3n de la configuraci\u00f3n apropiada de tu navegador, sin embargo, debes saber que si lo haces es posible que no est\u00e9 disponible la total funcionabilidad de este sitio web.<\/p>\n\n\n\n<p>Al utilizar este sitio web consientes el tratamiento de informaci\u00f3n por Google en la forma y para los fines arriba indicados.<\/p>\n\n\n\n<p><\/p>\n\n\n\n<p><\/p>\n","protected":false},"excerpt":{"rendered":"<p>Pol\u00edtica de cookies \u00bfQu\u00e9 son las cookies? Las cookies son peque\u00f1os archivos de textos que se usan para almacenar informaci\u00f3n. [&hellip;]<\/p>\n","protected":false},"author":12,"featured_media":0,"parent":0,"menu_order":0,"comment_status":"closed","ping_status":"closed","template":"","meta":{"_acf_changed":false,"site-sidebar-layout":"no-sidebar","site-content-layout":"plain-container","ast-site-content-layout":"default","site-content-style":"default","site-sidebar-style":"default","ast-global-header-display":"","ast-banner-title-visibility":"","ast-main-header-display":"","ast-hfb-above-header-display":"","ast-hfb-below-header-display":"","ast-hfb-mobile-header-display":"","site-post-title":"","ast-breadcrumbs-content":"","ast-featured-img":"disabled","footer-sml-layout":"","ast-disable-related-posts":"","theme-transparent-header-meta":"","adv-header-id-meta":"","stick-header-meta":"","header-above-stick-meta":"","header-main-stick-meta":"","header-below-stick-meta":"","astra-migrate-meta-layouts":"default","ast-page-background-enabled":"default","ast-page-background-meta":{"desktop":{"background-color":"var(--ast-global-color-5)","background-image":"","background-repeat":"repeat","background-position":"center center","background-size":"auto","background-attachment":"scroll","background-type":"","background-media":"","overlay-type":"","overlay-color":"","overlay-opacity":"","overlay-gradient":""},"tablet":{"background-color":"","background-image":"","background-repeat":"repeat","background-position":"center center","background-size":"auto","background-attachment":"scroll","background-type":"","background-media":"","overlay-type":"","overlay-color":"","overlay-opacity":"","overlay-gradient":""},"mobile":{"background-color":"","background-image":"","background-repeat":"repeat","background-position":"center center","background-size":"auto","background-attachment":"scroll","background-type":"","background-media":"","overlay-type":"","overlay-color":"","overlay-opacity":"","overlay-gradient":""}},"ast-content-background-meta":{"desktop":{"background-color":"var(--ast-global-color-4)","background-image":"","background-repeat":"repeat","background-position":"center center","background-size":"auto","background-attachment":"scroll","background-type":"","background-media":"","overlay-type":"","overlay-color":"","overlay-opacity":"","overlay-gradient":""},"tablet":{"background-color":"var(--ast-global-color-4)","background-image":"","background-repeat":"repeat","background-position":"center center","background-size":"auto","background-attachment":"scroll","background-type":"","background-media":"","overlay-type":"","overlay-color":"","overlay-opacity":"","overlay-gradient":""},"mobile":{"background-color":"var(--ast-global-color-4)","background-image":"","background-repeat":"repeat","background-position":"center center","background-size":"auto","background-attachment":"scroll","background-type":"","background-media":"","overlay-type":"","overlay-color":"","overlay-opacity":"","overlay-gradient":""}},"_joinchat":[],"footnotes":""},"class_list":["post-23452","page","type-page","status-publish","hentry"],"acf":[],"yoast_head":"<!-- This site is optimized with the Yoast SEO plugin v27.4 - https:\/\/yoast.com\/product\/yoast-seo-wordpress\/ -->\n<title>\u25b7 Pol\u00edtica de cookies \u3010Avanza Event 2026 \u3011<\/title>\n<meta name=\"robots\" content=\"noindex, follow\" \/>\n<meta property=\"og:locale\" content=\"es_ES\" \/>\n<meta property=\"og:type\" content=\"article\" \/>\n<meta property=\"og:title\" content=\"\u25b7 Pol\u00edtica de cookies \u3010Avanza Event 2026 \u3011\" \/>\n<meta property=\"og:description\" content=\"Pol\u00edtica de cookies \u00bfQu\u00e9 son las cookies? Las cookies son peque\u00f1os archivos de textos que se usan para almacenar informaci\u00f3n. [&hellip;]\" \/>\n<meta property=\"og:url\" content=\"https:\/\/avanzaevents.com\/es\/cookies-policy\/\" \/>\n<meta property=\"og:site_name\" content=\"Avanza Group\" \/>\n<meta property=\"article:modified_time\" content=\"2025-07-14T15:50:13+00:00\" \/>\n<meta name=\"twitter:card\" content=\"summary_large_image\" \/>\n<meta name=\"twitter:label1\" content=\"Tiempo de lectura\" \/>\n\t<meta name=\"twitter:data1\" content=\"8 minutos\" \/>\n<script type=\"application\/ld+json\" class=\"yoast-schema-graph\">{\"@context\":\"https:\\\/\\\/schema.org\",\"@graph\":[{\"@type\":\"WebPage\",\"@id\":\"https:\\\/\\\/avanzaevents.com\\\/es\\\/cookies-policy\\\/\",\"url\":\"https:\\\/\\\/avanzaevents.com\\\/es\\\/cookies-policy\\\/\",\"name\":\"\u25b7 Pol\u00edtica de cookies \u3010Avanza Event 2026 \u3011\",\"isPartOf\":{\"@id\":\"https:\\\/\\\/avanzaevents.com\\\/es\\\/#website\"},\"datePublished\":\"2025-07-14T15:48:57+00:00\",\"dateModified\":\"2025-07-14T15:50:13+00:00\",\"breadcrumb\":{\"@id\":\"https:\\\/\\\/avanzaevents.com\\\/es\\\/cookies-policy\\\/#breadcrumb\"},\"inLanguage\":\"es\",\"potentialAction\":[{\"@type\":\"ReadAction\",\"target\":[\"https:\\\/\\\/avanzaevents.com\\\/es\\\/cookies-policy\\\/\"]}]},{\"@type\":\"BreadcrumbList\",\"@id\":\"https:\\\/\\\/avanzaevents.com\\\/es\\\/cookies-policy\\\/#breadcrumb\",\"itemListElement\":[{\"@type\":\"ListItem\",\"position\":1,\"name\":\"Portada\",\"item\":\"https:\\\/\\\/avanzaevents.com\\\/es\\\/\"},{\"@type\":\"ListItem\",\"position\":2,\"name\":\"Pol\u00edtica de cookies\"}]},{\"@type\":\"WebSite\",\"@id\":\"https:\\\/\\\/avanzaevents.com\\\/es\\\/#website\",\"url\":\"https:\\\/\\\/avanzaevents.com\\\/es\\\/\",\"name\":\"Avanza Group\",\"description\":\"Otro sitio realizado con WordPress\",\"publisher\":{\"@id\":\"https:\\\/\\\/avanzaevents.com\\\/es\\\/#organization\"},\"potentialAction\":[{\"@type\":\"SearchAction\",\"target\":{\"@type\":\"EntryPoint\",\"urlTemplate\":\"https:\\\/\\\/avanzaevents.com\\\/es\\\/?s={search_term_string}\"},\"query-input\":{\"@type\":\"PropertyValueSpecification\",\"valueRequired\":true,\"valueName\":\"search_term_string\"}}],\"inLanguage\":\"es\"},{\"@type\":\"Organization\",\"@id\":\"https:\\\/\\\/avanzaevents.com\\\/es\\\/#organization\",\"name\":\"Avanza group\",\"url\":\"https:\\\/\\\/avanzaevents.com\\\/es\\\/\",\"logo\":{\"@type\":\"ImageObject\",\"inLanguage\":\"es\",\"@id\":\"https:\\\/\\\/avanzaevents.com\\\/es\\\/#\\\/schema\\\/logo\\\/image\\\/\",\"url\":\"https:\\\/\\\/avanzaevents.com\\\/wp-content\\\/uploads\\\/2020\\\/02\\\/logo300px.png\",\"contentUrl\":\"https:\\\/\\\/avanzaevents.com\\\/wp-content\\\/uploads\\\/2020\\\/02\\\/logo300px.png\",\"width\":340,\"height\":125,\"caption\":\"Avanza group\"},\"image\":{\"@id\":\"https:\\\/\\\/avanzaevents.com\\\/es\\\/#\\\/schema\\\/logo\\\/image\\\/\"}}]}<\/script>\n<!-- \/ Yoast SEO plugin. -->","yoast_head_json":{"title":"\u25b7 Pol\u00edtica de cookies \u3010Avanza Event 2026 \u3011","robots":{"index":"noindex","follow":"follow"},"og_locale":"es_ES","og_type":"article","og_title":"\u25b7 Pol\u00edtica de cookies \u3010Avanza Event 2026 \u3011","og_description":"Pol\u00edtica de cookies \u00bfQu\u00e9 son las cookies? Las cookies son peque\u00f1os archivos de textos que se usan para almacenar informaci\u00f3n. [&hellip;]","og_url":"https:\/\/avanzaevents.com\/es\/cookies-policy\/","og_site_name":"Avanza Group","article_modified_time":"2025-07-14T15:50:13+00:00","twitter_card":"summary_large_image","twitter_misc":{"Tiempo de lectura":"8 minutos"},"schema":{"@context":"https:\/\/schema.org","@graph":[{"@type":"WebPage","@id":"https:\/\/avanzaevents.com\/es\/cookies-policy\/","url":"https:\/\/avanzaevents.com\/es\/cookies-policy\/","name":"\u25b7 Pol\u00edtica de cookies \u3010Avanza Event 2026 \u3011","isPartOf":{"@id":"https:\/\/avanzaevents.com\/es\/#website"},"datePublished":"2025-07-14T15:48:57+00:00","dateModified":"2025-07-14T15:50:13+00:00","breadcrumb":{"@id":"https:\/\/avanzaevents.com\/es\/cookies-policy\/#breadcrumb"},"inLanguage":"es","potentialAction":[{"@type":"ReadAction","target":["https:\/\/avanzaevents.com\/es\/cookies-policy\/"]}]},{"@type":"BreadcrumbList","@id":"https:\/\/avanzaevents.com\/es\/cookies-policy\/#breadcrumb","itemListElement":[{"@type":"ListItem","position":1,"name":"Portada","item":"https:\/\/avanzaevents.com\/es\/"},{"@type":"ListItem","position":2,"name":"Pol\u00edtica de cookies"}]},{"@type":"WebSite","@id":"https:\/\/avanzaevents.com\/es\/#website","url":"https:\/\/avanzaevents.com\/es\/","name":"Avanza Group","description":"Otro sitio realizado con WordPress","publisher":{"@id":"https:\/\/avanzaevents.com\/es\/#organization"},"potentialAction":[{"@type":"SearchAction","target":{"@type":"EntryPoint","urlTemplate":"https:\/\/avanzaevents.com\/es\/?s={search_term_string}"},"query-input":{"@type":"PropertyValueSpecification","valueRequired":true,"valueName":"search_term_string"}}],"inLanguage":"es"},{"@type":"Organization","@id":"https:\/\/avanzaevents.com\/es\/#organization","name":"Avanza group","url":"https:\/\/avanzaevents.com\/es\/","logo":{"@type":"ImageObject","inLanguage":"es","@id":"https:\/\/avanzaevents.com\/es\/#\/schema\/logo\/image\/","url":"https:\/\/avanzaevents.com\/wp-content\/uploads\/2020\/02\/logo300px.png","contentUrl":"https:\/\/avanzaevents.com\/wp-content\/uploads\/2020\/02\/logo300px.png","width":340,"height":125,"caption":"Avanza group"},"image":{"@id":"https:\/\/avanzaevents.com\/es\/#\/schema\/logo\/image\/"}}]}},"_links":{"self":[{"href":"https:\/\/avanzaevents.com\/es\/wp-json\/wp\/v2\/pages\/23452","targetHints":{"allow":["GET"]}}],"collection":[{"href":"https:\/\/avanzaevents.com\/es\/wp-json\/wp\/v2\/pages"}],"about":[{"href":"https:\/\/avanzaevents.com\/es\/wp-json\/wp\/v2\/types\/page"}],"author":[{"embeddable":true,"href":"https:\/\/avanzaevents.com\/es\/wp-json\/wp\/v2\/users\/12"}],"replies":[{"embeddable":true,"href":"https:\/\/avanzaevents.com\/es\/wp-json\/wp\/v2\/comments?post=23452"}],"version-history":[{"count":1,"href":"https:\/\/avanzaevents.com\/es\/wp-json\/wp\/v2\/pages\/23452\/revisions"}],"predecessor-version":[{"id":23453,"href":"https:\/\/avanzaevents.com\/es\/wp-json\/wp\/v2\/pages\/23452\/revisions\/23453"}],"wp:attachment":[{"href":"https:\/\/avanzaevents.com\/es\/wp-json\/wp\/v2\/media?parent=23452"}],"curies":[{"name":"wp","href":"https:\/\/api.w.org\/{rel}","templated":true}]}}