{"id":2547,"date":"2020-06-17T11:50:29","date_gmt":"2020-06-17T09:50:29","guid":{"rendered":"https:\/\/avanzaevents.com\/?page_id=2547"},"modified":"2025-06-19T16:59:21","modified_gmt":"2025-06-19T14:59:21","slug":"aviso-legal","status":"publish","type":"page","link":"https:\/\/avanzaevents.com\/es\/aviso-legal\/","title":{"rendered":"Aviso legal"},"content":{"rendered":"<p>\u00a0<\/p>\n<p>\u00a0<\/p>\n<h1>Aviso legal<\/h1>\n<ol>\n<li><b>Pol\u00edtica de privacidad y protecci\u00f3n de datos personales<\/b><\/li>\n<\/ol>\n<p>Mediante este aviso, APM AZIERTA, S.L., con domicilio social en C\/ C\/ Morse, 8 con CIF n\u00ba B86885522 e inscrita en el Registro Mercantil informa a los usuarios del portal web\u00a0<b>https:\/\/avanzaevents.com\/ <\/b>acerca de su pol\u00edtica de protecci\u00f3n de datos de car\u00e1cter personal (en adelante, \u00ablos Datos Personales\u00bb) para que los Usuarios determinen, libre y voluntariamente, si desean facilitar a\u00a0APM AZIERTA, S.L. los Datos Personales que se les puedan requerir o que se puedan obtener de los Usuarios con ocasi\u00f3n de la suscripci\u00f3n o alta en algunos de los servicios ofrecidos por\u00a0APM AZIERTA, S.L. en el Portal o a trav\u00e9s del Portal.\u00a0APM AZIERTA, S.L. se reserva el derecho a modificar la presente pol\u00edtica para adaptarla a novedades legislativas o jurisprudenciales as\u00ed como a pr\u00e1cticas de la industria.<\/p>\n<p>De conformidad con lo dispuesto en el Reglamento General de Protecci\u00f3n de Datos, aplicable a partir del 25 de mayo de 2018, norma de aplicaci\u00f3n directa en toda la Uni\u00f3n Europea, relativo a la protecci\u00f3n de las personas f\u00edsicas en lo que respecta al tratamiento de datos personales y a la libre circulaci\u00f3n de estos datos, APM AZIERTA, S.L. informa que es el Responsable del Tratamiento de los datos personales que pueda facilitar el interesado en cualquier momento y de forma voluntaria, que ser\u00e1n tratados con el fin de gestionar el env\u00edo de la informaci\u00f3n que nos soliciten, facilitar al interesado ofertas de productos y servicios de su inter\u00e9s y mejorar su experiencia de usuario, pudiendo elaborarse, de ser necesario, un perfil comercial, en base a la informaci\u00f3n facilitada y tambi\u00e9n para actualizar nuestra base de datos de empresas y profesionales. No se tomar\u00e1n decisiones automatizadas en base a dicho perfil.<\/p>\n<p>Los datos personales proporcionados se conservar\u00e1n mientras se mantenga la relaci\u00f3n mercantil, y no se solicite su supresi\u00f3n por el interesado, solicitando por parte de\u00a0APM AZIERTA, S.L. el consentimiento del interesado para el tratamiento de sus datos y la oferta prospectiva de productos y servicios.<\/p>\n<p>Los datos personales no se ceder\u00e1n a terceros, salvo a otras empresas de grupo para fines administrativos internos y el env\u00edo de comunicaciones comerciales que sean del inter\u00e9s del usuario.<\/p>\n<p>Las personas interesadas tienen derecho a acceder a sus datos personales, as\u00ed como a solicitar la rectificaci\u00f3n de los datos inexactos o, en su caso, solicitar su supresi\u00f3n cuando, los datos ya no sean necesarios para los fines que fueron recogidos. Tambi\u00e9n los interesados en determinadas circunstancias podr\u00e1n oponerse al tratamiento de sus datos.<\/p>\n<p>Tambi\u00e9n tendr\u00e1 derecho a retirar el consentimiento prestado y a reclamar ante la Autoridad de Control.<\/p>\n<p>Para ejercer sus derechos, el interesado deber\u00e1 ponerse en contacto mediante comunicaci\u00f3n escrita dirigida al Servicio de Atenci\u00f3n al Cliente de APM AZIERTA, S.L., en el domicilio social arriba indicado, o mediante correo electr\u00f3nico a la direcci\u00f3n <strong>comercial@avanzaevents.com<\/strong>, adjuntando fotocopia de su DNI u otro documento equivalente acreditativo de su identidad.<\/p>\n<p>De conformidad con el art. 9 de la LSSI, se hace constar que el dominio\u00a0<b>https:\/\/avanzaevents.com\/ <\/b>est\u00e1 inscrito en el Registro Mercantil e inscrita en el Registro Mercantil.<\/p>\n<ol>\n<li><b>Navegaci\u00f3n web. Cookies<\/b><\/li>\n<\/ol>\n<p>Las cookies son peque\u00f1os archivos de texto que se instalan en el navegador del ordenador del Usuario para registrar su actividad, enviando una identificaci\u00f3n an\u00f3nima que se almacena en el mismo, con la finalidad de que la navegaci\u00f3n sea m\u00e1s sencilla, permitiendo, por ejemplo, el acceso a los Usuarios que se hayan registrado previamente y el acceso a las \u00e1reas, servicios, promociones o concursos reservados exclusivamente a ellos sin tener que registrarse en cada visita. Se pueden utilizar tambi\u00e9n para medir la audiencia, par\u00e1metros del tr\u00e1fico y navegaci\u00f3n, tiempo de sesi\u00f3n, y\/o controlar el progreso y el n\u00famero de entradas.<\/p>\n<p>APM AZIERTA, S.L. procurar\u00e1 en todo momento establecer mecanismos adecuados para obtener el consentimiento del Usuario para la instalaci\u00f3n de cookies que lo requieran. No obstante lo anterior, deber\u00e1 tenerse en cuenta que, de conformidad con la Ley, se entender\u00e1 que el Usuario ha dado su consentimiento si modifica la configuraci\u00f3n del navegador deshabilitando las restricciones que impiden la entrada de cookies y que el referido consentimiento no ser\u00e1 preciso para la instalaci\u00f3n de aquellas cookies que sean estrictamente necesarias para la prestaci\u00f3n de un servicio expresamente solicitado por el Usuario (mediante registro previo).<\/p>\n<p>A continuaci\u00f3n adjuntamos una lista de las cookies principales que\u00a0APM AZIERTA, S.L. est\u00e1 utilizando:<\/p>\n<table>\n<tbody>\n<tr>\n<td><b>Nombre<\/b><\/td>\n<td><b>Origen<\/b><\/td>\n<td><b>Funci\u00f3n de la cookie<\/b><\/td>\n<\/tr>\n<tr>\n<td>-utma<\/td>\n<td>Google Analytics<\/td>\n<td>Habilitan la funci\u00f3n de control de visitas \u00fanicas. La primera vez que un usuario entre en el sitio Web de APM AZIERTA, S.L.. A trav\u00e9s de un navegador se instalar\u00e1 esta cookie. Cuando este usuario vuelva a entrar en nuestra p\u00e1gina con el mismo navegador, la cookie considerar\u00e1 que es el mismo usuario. Solo en el caso de que el usuario cambie de navegador, Google Analytics lo considerar\u00e1 otro usuario.<\/td>\n<\/tr>\n<tr>\n<td>-utmb\n<p>-utmc<\/p>\n<\/td>\n<td>Google Analytics<\/td>\n<td>Habilitan la funci\u00f3n de c\u00e1lculo del tiempo de sesi\u00f3n. La primera (utmb) registra la hora de entrada en la p\u00e1gina y la segunda (utmc) comprueba si se debe mantener la sesi\u00f3n abierta o se debe crear una sesi\u00f3n nueva. La cookie utmb caduca a los 30 minutos desde el \u00faltimo registro de p\u00e1gina vista mientras que la utmc es una variable de sesi\u00f3n, por lo que se elimina autom\u00e1ticamente al cambiar de web o al cerrar el navegador.<\/td>\n<\/tr>\n<tr>\n<td>-utmz<\/td>\n<td>Google Analytics<\/td>\n<td>Habilitan la funci\u00f3n de registro de la procedencia del usuario. Los datos registrados ser\u00e1n, entre otros, si el usuario llega a nuestro sitio Web por tr\u00e1fico directo, desde otra web, desde una campa\u00f1a publicitaria o desde un buscador (indicando la palabra clave utilizada y la fuente)<\/td>\n<\/tr>\n<tr>\n<td>PHPSESSID<\/td>\n<td>Propia de\u00a0APM AZIERTA, S.L.<\/td>\n<td>Habilita la funci\u00f3n de control de idioma, detectando asi el pais de origen del visitante y mandandolo al idioma correcto.<\/td>\n<\/tr>\n<tr>\n<td>APM AZIERTA, S.L.<\/td>\n<td>Propia de\u00a0APM AZIERTA, S.L.<\/td>\n<td>Permite realizar la permanencia de la sesi\u00f3n para mostrar el mensaje de informacion de las cookies<\/td>\n<\/tr>\n<\/tbody>\n<\/table>\n<p>Sin perjuicio de lo anterior, el Usuario tiene la posibilidad de configurar su navegador para ser avisado de la recepci\u00f3n de cookies y para impedir su instalaci\u00f3n en su equipo.<\/p>\n<p>\u00a0<\/p>\n<ol>\n<li><b>Condiciones de Uso y su aceptaci\u00f3n<\/b><\/li>\n<\/ol>\n<p>Estas condiciones regulan el uso de la web de APM AZIERTA, S.L.para el usuario de Internet, y expresan la aceptaci\u00f3n plena y sin reservas del mismo de todas y cada una de las condiciones y restricciones que est\u00e9n publicadas en la web en el momento en que acceda a la misma. El acceso a la web y\/o la utilizaci\u00f3n de cualquiera de los servicios en ella incluidos supondr\u00e1 la aceptaci\u00f3n de todas las condiciones de uso. APM AZIERTA, S.L.se reserva el derecho a modificar unilateralmente la web y los servicios en ella ofrecidos, incluyendo la modificaci\u00f3n de las condiciones de uso. Por ello se recomienda al usuario que lea este Aviso Legal tantas veces como acceda a la web.<\/p>\n<p>\u00a0<\/p>\n<ol>\n<li><b>Condiciones de utilizaci\u00f3n de la Web<\/b><\/li>\n<\/ol>\n<p>El usuario debe utilizar la web de conformidad con los usos autorizados. Queda expresamente prohibida la utilizaci\u00f3n de la web o de cualquiera de sus servicios con fines o efectos il\u00edcitos, contrarios a la buena fe, al orden p\u00fablico o a lo establecido en las condiciones de uso. Queda igualmente prohibido cualquier uso lesivo de derechos o intereses de terceros o que, de cualquier forma, dificulten la utilizaci\u00f3n por parte de otros usuarios la normal utilizaci\u00f3n de la web y\/o sus servicios. La utilizaci\u00f3n de la web es gratuita para el usuario.<\/p>\n<p>\u00a0<\/p>\n<ol>\n<li><b>Derechos de Propiedad Intelectual e Industrial<\/b><\/li>\n<\/ol>\n<p>Todos los contenidos de la web (marca, nombres comerciales, im\u00e1genes, iconos, dise\u00f1o y presentaci\u00f3n general de las diferentes secciones) est\u00e1n sujetos a derechos de propiedad intelectual o industrial de APM AZIERTA, S.L.o de terceros. En ning\u00fan caso el acceso a la web implica que por parte de APM AZIERTA, S.L. o del titular de esos derechos: (1) se otorgue autorizaci\u00f3n o licencia alguna sobre esos contenidos, (2) se renuncie, transmita o ceda total o parcialmente ninguno de sus derechos sobre esos contenidos (entre otros, sus derechos de reproducci\u00f3n, distribuci\u00f3n y comunicaci\u00f3n p\u00fablica). No podr\u00e1n realizarse utilizaciones de la web y\/o de sus contenidos, diferentes de las expresamente autorizadas por APM AZIERTA, S.L. Ning\u00fan usuario de esta web puede revender, volver a publicar, imprimir, bajar, copiar, retransmitir o presentar ning\u00fan elemento de esta web ni de los contenidos de la misma sin el consentimiento previo por escrito de APM AZIERTA, S.L., a menos que la ley permita, en medida razonable, copiar o imprimir los contenidos para uso personal y no comercial manteni\u00e9ndose inalterados, en todo caso, el Copyright y dem\u00e1s datos identificativos de los derechos de\u00a0APM AZIERTA, S.L. y\/o del titular de los derechos de esos contenidos. Esta web y sus contenidos est\u00e1n protegidos por las leyes de protecci\u00f3n de la Propiedad Industrial e Intelectual internacionales y de Espa\u00f1a, ya sea como obras individuales y\/o como compilaciones. El usuario no puede borrar ni modificar de ninguna forma la informaci\u00f3n relativa a esos derechos incluidos en la web. Quedan reservados todos los derechos a favor de APM AZIERTA, S.L.o del titular de los mismos.<\/p>\n<p>\u00a0<\/p>\n<ol>\n<li><b>Exclusi\u00f3n de Garant\u00edas y Responsabilidad<\/b><\/li>\n<\/ol>\n<p><b>Exclusi\u00f3n de garant\u00edas y responsabilidad por el funcionamiento de la Web<\/b><\/p>\n<p>APM AZIERTA, S.L. no garantiza y no asume ninguna responsabilidad por el funcionamiento de la web y\/o sus servicios. En caso de producirse interrupciones en su funcionamiento APM AZIERTA, S.L. tratar\u00e1, si esto fuera posible, de advertirlo al usuario. APM AZIERTA, S.L. tampoco garantiza la utilidad de la web y\/o sus servicios para la realizaci\u00f3n de ninguna actividad en particular, su infalibilidad ni que el usuario pueda utilizar en todo momento la web o los servicios que se ofrezcan. APM AZIERTA, S.L. est\u00e1 autorizado a efectuar cuantas modificaciones t\u00e9cnicas sean precisas para mejorar la calidad, rendimiento, eficacia del sistema y de su conexi\u00f3n. Salvo que se indique expresamente un plazo, la prestaci\u00f3n de los servicios tiene en principio una duraci\u00f3n indefinida, no obstante, APM AZIERTA, S.L. est\u00e1 autorizado a dar por terminados alguno de los servicios o el acceso a la web en cualquier momento. Siempre que esto fuera posible,APM AZIERTA, S.L. tratar\u00e1 de comunicarlo con antelaci\u00f3n al usuario.<\/p>\n<p><b>Exclusi\u00f3n de garant\u00edas y responsabilidad por los contenidos<\/b><\/p>\n<p>Los contenidos de todo tipo incluidos en la web que se hallan disponibles para el p\u00fablico en general, facilitan el acceso a informaci\u00f3n, productos y servicios suministrados o prestados por APM AZIERTA, S.L. Dichos contenidos son facilitados de buena fe por APM AZIERTA, S.L. con informaci\u00f3n procedente, en ocasiones, de fuentes distintas a APM AZIERTA, S.L. Por lo tanto, APM AZIERTA, S.L. no puede garantizar la fiabilidad, veracidad, exhaustividad y actualidad de los contenidos y, por tanto queda excluido cualquier tipo de responsabilidad de APM AZIERTA, S.L. que pudiera derivarse por los da\u00f1os causados, directa o indirectamente, por la informaci\u00f3n a la que se acceda por medio de la web. APM AZIERTA, S.L. no garantiza la idoneidad de los contenidos incluidos en la web para fines particulares de quien acceda a la misma. En consecuencia, tanto el acceso a dicha web como el uso que pueda hacerse de la informaci\u00f3n y contenidos incluidos en las mismas se efect\u00faa bajo la exclusiva responsabilidad de quien lo realice, y APM AZIERTA, S.L. no responder\u00e1 en ning\u00fan caso y en ninguna medida por los eventuales perjuicios derivados del uso de la informaci\u00f3n y contenidos accesibles en la web. Asimismo, APM AZIERTA, S.L. no ser\u00e1 en ning\u00fan caso responsable por productos o servicios prestados u ofertados por otras personas o entidades, o por contenidos, informaciones, comunicaciones, opiniones o manifestaciones de cualquier tipo originados o vertidos por terceros y a las que se pueda acceder a trav\u00e9s de la web.<\/p>\n<p><b>Exclusi\u00f3n de garant\u00edas y responsabilidad por enlaces a otras p\u00e1ginas<\/b><\/p>\n<p>La web puede permitir al usuario su acceso por medio de enlaces a otras p\u00e1ginas web. APM AZIERTA, S.L. no responde ni hace suyo el contenido de las p\u00e1ginas web enlazadas, ni garantiza la legalidad, exactitud, veracidad y fiabilidad de la informaci\u00f3n que incluyan. La existencia de un enlace no supondr\u00e1 la existencia de relaci\u00f3n de ning\u00fan tipo entre APM AZIERTA, S.L. y la titular del sitio enlazado. APM AZIERTA, S.L. no tendr\u00e1 ning\u00fan tipo de responsabilidad por infracciones o da\u00f1os que se causen al usuario o a terceros por el contenido de las p\u00e1ginas web a las que se encuentre unidas por un enlace. Jurisdicci\u00f3n y ley aplicable. Las condiciones de uso y los servicios ofrecidos en la web se rigen por la Ley Espa\u00f1ola. APM AZIERTA, S.L. no tiene control alguno sobre quien o quienes pueden acceder a su web y donde pueden estar emplazados. A pesar de que APM AZIERTA, S.L. es consciente de ello, esto no significa que se someta a las jurisdicciones de pa\u00edses extranjeros; en caso de conflicto o reclamaci\u00f3n en relaci\u00f3n a la web o cualquiera de los servicios por ella prestados, las partes acuerdan someterse expresamente a los juzgados y tribunales de Madrid (Espa\u00f1a).<\/p>\n<p>\u00a0<\/p>\n<p>\u00a0<\/p>\n<p>\u00a0<\/p>\n\n\n<p><\/p>\n","protected":false},"excerpt":{"rendered":"<p>\u00a0 \u00a0 Aviso legal Pol\u00edtica de privacidad y protecci\u00f3n de datos personales Mediante este aviso, APM AZIERTA, S.L., con domicilio [&hellip;]<\/p>\n","protected":false},"author":11,"featured_media":0,"parent":0,"menu_order":0,"comment_status":"closed","ping_status":"closed","template":"","meta":{"_acf_changed":false,"site-sidebar-layout":"no-sidebar","site-content-layout":"plain-container","ast-site-content-layout":"default","site-content-style":"default","site-sidebar-style":"default","ast-global-header-display":"","ast-banner-title-visibility":"","ast-main-header-display":"","ast-hfb-above-header-display":"","ast-hfb-below-header-display":"","ast-hfb-mobile-header-display":"","site-post-title":"","ast-breadcrumbs-content":"","ast-featured-img":"disabled","footer-sml-layout":"","ast-disable-related-posts":"","theme-transparent-header-meta":"","adv-header-id-meta":"","stick-header-meta":"","header-above-stick-meta":"","header-main-stick-meta":"","header-below-stick-meta":"","astra-migrate-meta-layouts":"default","ast-page-background-enabled":"default","ast-page-background-meta":{"desktop":{"background-color":"var(--ast-global-color-5)","background-image":"","background-repeat":"repeat","background-position":"center center","background-size":"auto","background-attachment":"scroll","background-type":"","background-media":"","overlay-type":"","overlay-color":"","overlay-opacity":"","overlay-gradient":""},"tablet":{"background-color":"","background-image":"","background-repeat":"repeat","background-position":"center center","background-size":"auto","background-attachment":"scroll","background-type":"","background-media":"","overlay-type":"","overlay-color":"","overlay-opacity":"","overlay-gradient":""},"mobile":{"background-color":"","background-image":"","background-repeat":"repeat","background-position":"center center","background-size":"auto","background-attachment":"scroll","background-type":"","background-media":"","overlay-type":"","overlay-color":"","overlay-opacity":"","overlay-gradient":""}},"ast-content-background-meta":{"desktop":{"background-color":"var(--ast-global-color-4)","background-image":"","background-repeat":"repeat","background-position":"center center","background-size":"auto","background-attachment":"scroll","background-type":"","background-media":"","overlay-type":"","overlay-color":"","overlay-opacity":"","overlay-gradient":""},"tablet":{"background-color":"var(--ast-global-color-4)","background-image":"","background-repeat":"repeat","background-position":"center center","background-size":"auto","background-attachment":"scroll","background-type":"","background-media":"","overlay-type":"","overlay-color":"","overlay-opacity":"","overlay-gradient":""},"mobile":{"background-color":"var(--ast-global-color-4)","background-image":"","background-repeat":"repeat","background-position":"center center","background-size":"auto","background-attachment":"scroll","background-type":"","background-media":"","overlay-type":"","overlay-color":"","overlay-opacity":"","overlay-gradient":""}},"_joinchat":[],"footnotes":""},"class_list":["post-2547","page","type-page","status-publish","hentry"],"acf":[],"yoast_head":"<!-- This site is optimized with the Yoast SEO plugin v27.4 - https:\/\/yoast.com\/product\/yoast-seo-wordpress\/ -->\n<title>\u25b7 Aviso legal \u3010Avanza Event 2026 \u3011<\/title>\n<meta name=\"robots\" content=\"noindex, follow\" \/>\n<meta property=\"og:locale\" content=\"es_ES\" \/>\n<meta property=\"og:type\" content=\"article\" \/>\n<meta property=\"og:title\" content=\"\u25b7 Aviso legal \u3010Avanza Event 2026 \u3011\" \/>\n<meta property=\"og:description\" content=\"\u00a0 \u00a0 Aviso legal Pol\u00edtica de privacidad y protecci\u00f3n de datos personales Mediante este aviso, APM AZIERTA, S.L., con domicilio [&hellip;]\" \/>\n<meta property=\"og:url\" content=\"https:\/\/avanzaevents.com\/es\/aviso-legal\/\" \/>\n<meta property=\"og:site_name\" content=\"Avanza Group\" \/>\n<meta property=\"article:modified_time\" content=\"2025-06-19T14:59:21+00:00\" \/>\n<meta name=\"twitter:card\" content=\"summary_large_image\" \/>\n<meta name=\"twitter:label1\" content=\"Tiempo de lectura\" \/>\n\t<meta name=\"twitter:data1\" content=\"12 minutos\" \/>\n<script type=\"application\/ld+json\" class=\"yoast-schema-graph\">{\"@context\":\"https:\\\/\\\/schema.org\",\"@graph\":[{\"@type\":\"WebPage\",\"@id\":\"https:\\\/\\\/avanzaevents.com\\\/es\\\/aviso-legal\\\/\",\"url\":\"https:\\\/\\\/avanzaevents.com\\\/es\\\/aviso-legal\\\/\",\"name\":\"\u25b7 Aviso legal \u3010Avanza Event 2026 \u3011\",\"isPartOf\":{\"@id\":\"https:\\\/\\\/avanzaevents.com\\\/es\\\/#website\"},\"datePublished\":\"2020-06-17T09:50:29+00:00\",\"dateModified\":\"2025-06-19T14:59:21+00:00\",\"breadcrumb\":{\"@id\":\"https:\\\/\\\/avanzaevents.com\\\/es\\\/aviso-legal\\\/#breadcrumb\"},\"inLanguage\":\"es\",\"potentialAction\":[{\"@type\":\"ReadAction\",\"target\":[\"https:\\\/\\\/avanzaevents.com\\\/es\\\/aviso-legal\\\/\"]}]},{\"@type\":\"BreadcrumbList\",\"@id\":\"https:\\\/\\\/avanzaevents.com\\\/es\\\/aviso-legal\\\/#breadcrumb\",\"itemListElement\":[{\"@type\":\"ListItem\",\"position\":1,\"name\":\"Portada\",\"item\":\"https:\\\/\\\/avanzaevents.com\\\/es\\\/\"},{\"@type\":\"ListItem\",\"position\":2,\"name\":\"Aviso legal\"}]},{\"@type\":\"WebSite\",\"@id\":\"https:\\\/\\\/avanzaevents.com\\\/es\\\/#website\",\"url\":\"https:\\\/\\\/avanzaevents.com\\\/es\\\/\",\"name\":\"Avanza Group\",\"description\":\"Otro sitio realizado con WordPress\",\"publisher\":{\"@id\":\"https:\\\/\\\/avanzaevents.com\\\/es\\\/#organization\"},\"potentialAction\":[{\"@type\":\"SearchAction\",\"target\":{\"@type\":\"EntryPoint\",\"urlTemplate\":\"https:\\\/\\\/avanzaevents.com\\\/es\\\/?s={search_term_string}\"},\"query-input\":{\"@type\":\"PropertyValueSpecification\",\"valueRequired\":true,\"valueName\":\"search_term_string\"}}],\"inLanguage\":\"es\"},{\"@type\":\"Organization\",\"@id\":\"https:\\\/\\\/avanzaevents.com\\\/es\\\/#organization\",\"name\":\"Avanza group\",\"url\":\"https:\\\/\\\/avanzaevents.com\\\/es\\\/\",\"logo\":{\"@type\":\"ImageObject\",\"inLanguage\":\"es\",\"@id\":\"https:\\\/\\\/avanzaevents.com\\\/es\\\/#\\\/schema\\\/logo\\\/image\\\/\",\"url\":\"https:\\\/\\\/avanzaevents.com\\\/wp-content\\\/uploads\\\/2020\\\/02\\\/logo300px.png\",\"contentUrl\":\"https:\\\/\\\/avanzaevents.com\\\/wp-content\\\/uploads\\\/2020\\\/02\\\/logo300px.png\",\"width\":340,\"height\":125,\"caption\":\"Avanza group\"},\"image\":{\"@id\":\"https:\\\/\\\/avanzaevents.com\\\/es\\\/#\\\/schema\\\/logo\\\/image\\\/\"}}]}<\/script>\n<!-- \/ Yoast SEO plugin. -->","yoast_head_json":{"title":"\u25b7 Aviso legal \u3010Avanza Event 2026 \u3011","robots":{"index":"noindex","follow":"follow"},"og_locale":"es_ES","og_type":"article","og_title":"\u25b7 Aviso legal \u3010Avanza Event 2026 \u3011","og_description":"\u00a0 \u00a0 Aviso legal Pol\u00edtica de privacidad y protecci\u00f3n de datos personales Mediante este aviso, APM AZIERTA, S.L., con domicilio [&hellip;]","og_url":"https:\/\/avanzaevents.com\/es\/aviso-legal\/","og_site_name":"Avanza Group","article_modified_time":"2025-06-19T14:59:21+00:00","twitter_card":"summary_large_image","twitter_misc":{"Tiempo de lectura":"12 minutos"},"schema":{"@context":"https:\/\/schema.org","@graph":[{"@type":"WebPage","@id":"https:\/\/avanzaevents.com\/es\/aviso-legal\/","url":"https:\/\/avanzaevents.com\/es\/aviso-legal\/","name":"\u25b7 Aviso legal \u3010Avanza Event 2026 \u3011","isPartOf":{"@id":"https:\/\/avanzaevents.com\/es\/#website"},"datePublished":"2020-06-17T09:50:29+00:00","dateModified":"2025-06-19T14:59:21+00:00","breadcrumb":{"@id":"https:\/\/avanzaevents.com\/es\/aviso-legal\/#breadcrumb"},"inLanguage":"es","potentialAction":[{"@type":"ReadAction","target":["https:\/\/avanzaevents.com\/es\/aviso-legal\/"]}]},{"@type":"BreadcrumbList","@id":"https:\/\/avanzaevents.com\/es\/aviso-legal\/#breadcrumb","itemListElement":[{"@type":"ListItem","position":1,"name":"Portada","item":"https:\/\/avanzaevents.com\/es\/"},{"@type":"ListItem","position":2,"name":"Aviso legal"}]},{"@type":"WebSite","@id":"https:\/\/avanzaevents.com\/es\/#website","url":"https:\/\/avanzaevents.com\/es\/","name":"Avanza Group","description":"Otro sitio realizado con WordPress","publisher":{"@id":"https:\/\/avanzaevents.com\/es\/#organization"},"potentialAction":[{"@type":"SearchAction","target":{"@type":"EntryPoint","urlTemplate":"https:\/\/avanzaevents.com\/es\/?s={search_term_string}"},"query-input":{"@type":"PropertyValueSpecification","valueRequired":true,"valueName":"search_term_string"}}],"inLanguage":"es"},{"@type":"Organization","@id":"https:\/\/avanzaevents.com\/es\/#organization","name":"Avanza group","url":"https:\/\/avanzaevents.com\/es\/","logo":{"@type":"ImageObject","inLanguage":"es","@id":"https:\/\/avanzaevents.com\/es\/#\/schema\/logo\/image\/","url":"https:\/\/avanzaevents.com\/wp-content\/uploads\/2020\/02\/logo300px.png","contentUrl":"https:\/\/avanzaevents.com\/wp-content\/uploads\/2020\/02\/logo300px.png","width":340,"height":125,"caption":"Avanza group"},"image":{"@id":"https:\/\/avanzaevents.com\/es\/#\/schema\/logo\/image\/"}}]}},"_links":{"self":[{"href":"https:\/\/avanzaevents.com\/es\/wp-json\/wp\/v2\/pages\/2547","targetHints":{"allow":["GET"]}}],"collection":[{"href":"https:\/\/avanzaevents.com\/es\/wp-json\/wp\/v2\/pages"}],"about":[{"href":"https:\/\/avanzaevents.com\/es\/wp-json\/wp\/v2\/types\/page"}],"author":[{"embeddable":true,"href":"https:\/\/avanzaevents.com\/es\/wp-json\/wp\/v2\/users\/11"}],"replies":[{"embeddable":true,"href":"https:\/\/avanzaevents.com\/es\/wp-json\/wp\/v2\/comments?post=2547"}],"version-history":[{"count":1,"href":"https:\/\/avanzaevents.com\/es\/wp-json\/wp\/v2\/pages\/2547\/revisions"}],"predecessor-version":[{"id":22973,"href":"https:\/\/avanzaevents.com\/es\/wp-json\/wp\/v2\/pages\/2547\/revisions\/22973"}],"wp:attachment":[{"href":"https:\/\/avanzaevents.com\/es\/wp-json\/wp\/v2\/media?parent=2547"}],"curies":[{"name":"wp","href":"https:\/\/api.w.org\/{rel}","templated":true}]}}